{"id":2084,"date":"2023-11-15T10:53:46","date_gmt":"2023-11-15T09:53:46","guid":{"rendered":"https:\/\/newbags.fr\/Site2023\/?page_id=2084"},"modified":"2023-11-22T10:02:08","modified_gmt":"2023-11-22T09:02:08","slug":"autre","status":"publish","type":"page","link":"https:\/\/newbags.fr\/Site2023\/autre\/","title":{"rendered":"AUTRE"},"content":{"rendered":"\t\t<div data-elementor-type=\"wp-page\" data-elementor-id=\"2084\" class=\"elementor elementor-2084\" data-elementor-post-type=\"page\">\n\t\t\t\t<div class=\"elementor-element elementor-element-23eaff90 e-con-full e-flex e-con e-parent\" data-id=\"23eaff90\" data-element_type=\"container\" data-e-type=\"container\" data-settings=\"{&quot;background_background&quot;:&quot;classic&quot;,&quot;shape_divider_bottom&quot;:&quot;tilt&quot;}\">\n\t\t\t\t<div class=\"elementor-shape elementor-shape-bottom\" aria-hidden=\"true\" data-negative=\"false\">\n\t\t\t<svg xmlns=\"http:\/\/www.w3.org\/2000\/svg\" viewBox=\"0 0 1000 100\" preserveAspectRatio=\"none\">\n\t<path class=\"elementor-shape-fill\" d=\"M0,6V0h1000v100L0,6z\"\/>\n<\/svg>\t\t<\/div>\n\t\t<div class=\"elementor-element elementor-element-4823e22f e-flex e-con-boxed e-con e-child\" data-id=\"4823e22f\" data-element_type=\"container\" data-e-type=\"container\">\n\t\t\t\t\t<div class=\"e-con-inner\">\n\t\t\t\t<div class=\"elementor-element elementor-element-e896156 elementor-widget-tablet__width-inherit elementor-widget elementor-widget-image-carousel\" data-id=\"e896156\" data-element_type=\"widget\" data-e-type=\"widget\" data-settings=\"{&quot;navigation&quot;:&quot;none&quot;,&quot;pause_on_hover&quot;:&quot;no&quot;,&quot;autoplay_speed&quot;:2000,&quot;slides_to_show&quot;:&quot;1&quot;,&quot;slides_to_show_tablet&quot;:&quot;1&quot;,&quot;slides_to_show_mobile&quot;:&quot;1&quot;,&quot;pause_on_interaction&quot;:&quot;no&quot;,&quot;effect&quot;:&quot;fade&quot;,&quot;autoplay&quot;:&quot;yes&quot;,&quot;infinite&quot;:&quot;yes&quot;,&quot;speed&quot;:500}\" data-widget_type=\"image-carousel.default\">\n\t\t\t\t\t\t\t<div class=\"elementor-image-carousel-wrapper swiper\" role=\"region\" aria-roledescription=\"carousel\" aria-label=\"Carrousel d\u2019images\" dir=\"ltr\">\n\t\t\t<div class=\"elementor-image-carousel swiper-wrapper swiper-image-stretch\" aria-live=\"off\">\n\t\t\t\t\t\t\t\t<div class=\"swiper-slide\" role=\"group\" aria-roledescription=\"slide\" aria-label=\"1 sur 7\"><figure class=\"swiper-slide-inner\"><img decoding=\"async\" class=\"swiper-slide-image\" src=\"https:\/\/newbags.fr\/Site2023\/wp-content\/uploads\/elementor\/thumbs\/ruban-en-satin-double-face-qfe1bj2eogp7rbot7e4wz4ay3ahamm8r7xjt6tunpk.jpg\" alt=\"ruban-en-satin-double-face\" \/><\/figure><\/div><div class=\"swiper-slide\" role=\"group\" aria-roledescription=\"slide\" aria-label=\"2 sur 7\"><figure class=\"swiper-slide-inner\"><img decoding=\"async\" class=\"swiper-slide-image\" src=\"https:\/\/newbags.fr\/Site2023\/wp-content\/uploads\/elementor\/thumbs\/Housses-11120-copie-qfnaqf19zjqz18torpgcq8df1pru14vk4pmh011sp4.png\" alt=\"Housses 11120 copie\" \/><\/figure><\/div><div class=\"swiper-slide\" role=\"group\" aria-roledescription=\"slide\" aria-label=\"3 sur 7\"><figure class=\"swiper-slide-inner\"><img decoding=\"async\" class=\"swiper-slide-image\" src=\"https:\/\/newbags.fr\/Site2023\/wp-content\/uploads\/elementor\/thumbs\/PAPIER-KDO-qfe1c1v6h5ey7ixi5m9gczk5yzwmwkbdyilisd2s94.jpg\" alt=\"PAPIER KDO\" \/><\/figure><\/div><div class=\"swiper-slide\" role=\"group\" aria-roledescription=\"slide\" aria-label=\"4 sur 7\"><figure class=\"swiper-slide-inner\"><img decoding=\"async\" class=\"swiper-slide-image\" src=\"https:\/\/newbags.fr\/Site2023\/wp-content\/uploads\/elementor\/thumbs\/Papier-de-soie-2-qfe1c1v6h5ey7ixi5m9gczk5yzwmwkbdyilisd2s94.jpg\" alt=\"Papier de soie 2\" \/><\/figure><\/div><div class=\"swiper-slide\" role=\"group\" aria-roledescription=\"slide\" aria-label=\"5 sur 7\"><figure class=\"swiper-slide-inner\"><img decoding=\"async\" class=\"swiper-slide-image\" src=\"https:\/\/newbags.fr\/Site2023\/wp-content\/uploads\/elementor\/thumbs\/Papier-de-soie-1-qfe1c2t0nzg8j4w504o2xhbmkds049f4an909n1e2w.jpg\" alt=\"Papier de soie 1\" \/><\/figure><\/div><div class=\"swiper-slide\" role=\"group\" aria-roledescription=\"slide\" aria-label=\"6 sur 7\"><figure class=\"swiper-slide-inner\"><img decoding=\"async\" class=\"swiper-slide-image\" src=\"https:\/\/newbags.fr\/Site2023\/wp-content\/uploads\/elementor\/thumbs\/Housses-21120-copie-qfnaqd5llvoee0wf2on3l8uhuy13lqo3ggbi1h4l1k.png\" alt=\"Housses 21120 copie\" \/><\/figure><\/div><div class=\"swiper-slide\" role=\"group\" aria-roledescription=\"slide\" aria-label=\"7 sur 7\"><figure class=\"swiper-slide-inner\"><img decoding=\"async\" class=\"swiper-slide-image\" src=\"https:\/\/newbags.fr\/Site2023\/wp-content\/uploads\/elementor\/thumbs\/Papier-KDO-2-qfe1c2t0nzg8j4w504o2xhbmkds049f4an909n1e2w.jpg\" alt=\"Papier KDO 2\" \/><\/figure><\/div>\t\t\t<\/div>\n\t\t\t\t\t\t\t\n\t\t\t\t\t\t\t\t\t<\/div>\n\t\t\t\t\t\t<\/div>\n\t\t\t\t\t<\/div>\n\t\t\t\t<\/div>\n\t\t<div class=\"elementor-element elementor-element-47f5a7a1 e-con-full e-flex e-con e-child\" data-id=\"47f5a7a1\" data-element_type=\"container\" data-e-type=\"container\" data-settings=\"{&quot;background_background&quot;:&quot;classic&quot;}\">\n\t\t<div class=\"elementor-element elementor-element-2db3e505 e-con-full e-flex e-con e-child\" data-id=\"2db3e505\" data-element_type=\"container\" data-e-type=\"container\">\n\t\t\t\t<div class=\"elementor-element elementor-element-6c940ea9 elementor-widget__width-initial elementor-widget elementor-widget-heading\" data-id=\"6c940ea9\" data-element_type=\"widget\" data-e-type=\"widget\" data-widget_type=\"heading.default\">\n\t\t\t\t\t<h3 class=\"elementor-heading-title elementor-size-default\"><b>NOS papiers de soie, rubans, papier cadeau\n<\/b>\u2026<\/h3>\t\t\t\t<\/div>\n\t\t\t\t<div class=\"elementor-element elementor-element-789db78e elementor-widget elementor-widget-text-editor\" data-id=\"789db78e\" data-element_type=\"widget\" data-e-type=\"widget\" data-widget_type=\"text-editor.default\">\n\t\t\t\t\t\t\t\t\t<div class=\"flex-1 overflow-hidden\"><div class=\"react-scroll-to-bottom--css-cfnwt-79elbk h-full\"><div class=\"react-scroll-to-bottom--css-cfnwt-1n7m0yu targeted-reply-thread-scroller relative\"><div class=\"flex flex-col text-sm gizmo:pb-9 dark:bg-gray-800 gizmo:dark:bg-transparent\"><div class=\"group w-full text-token-text-primary border-b border-black\/10 gizmo:border-0 dark:border-gray-900\/50 gizmo:dark:border-0 bg-gray-50 gizmo:bg-transparent dark:bg-[#444654] gizmo:dark:bg-transparent\" data-testid=\"conversation-turn-3\"><div class=\"p-4 gizmo:py-2 justify-center text-base md:gap-6 md:py-6 m-auto\"><div class=\"flex flex-1 gap-4 text-base mx-auto md:gap-6 gizmo:gap-3 gizmo:md:px-5 gizmo:lg:px-1 gizmo:xl:px-5 md:max-w-2xl lg:max-w-[38rem] gizmo:md:max-w-3xl gizmo:lg:max-w-[40rem] gizmo:xl:max-w-[48rem] xl:max-w-3xl }\"><div class=\"relative flex w-[calc(100%-50px)] flex-col gizmo:w-full lg:w-[calc(100%-115px)] agent-turn\"><div class=\"flex-col gap-1 md:gap-3\"><div class=\"flex flex-grow flex-col max-w-full gap-3 gizmo:gap-0\"><div class=\"min-h-[20px] text-message peer flex flex-col items-start gap-3 whitespace-pre-wrap break-words peer-[.text-message]:mt-5 overflow-x-auto\" data-message-author-role=\"assistant\" data-message-id=\"5c43fc89-cc68-457e-8ad2-fc0611b47b52\"><div class=\"markdown prose w-full break-words dark:prose-invert light\"><p><span>Bienvenue dans notre univers o\u00f9 l&rsquo;\u00e9l\u00e9gance et la personnalisation rencontrent l&rsquo;art de l&#8217;emballage. Notre entreprise se consacre \u00e0 la fabrication de papier cadeau, de rubans et de papiers de soie personnalis\u00e9s, transformant chaque pr\u00e9sent en une exp\u00e9rience visuelle unique.<\/span><\/p><p><strong><span>Papier Cadeau sur Mesure :<\/span><\/strong><span> Notre papier cadeau sur mesure est bien plus qu&rsquo;un simple emballage. Cr\u00e9\u00e9e avec soin et passion pour ajouter une touche de raffinement \u00e0 chacun de vos cadeau. Notre papier cadeau est con\u00e7u pour r\u00e9pondre \u00e0 vos besoins les plus exigeants. Choisissez parmi une gamme vari\u00e9e de motifs, couleurs et finitions pour cr\u00e9er un emballage qui refl\u00e8te parfaitement l&rsquo;essence de votre cadeau.<\/span><\/p><p><strong><span>Rubans Personnalis\u00e9s :<\/span><\/strong><span> Les rubans sont bien plus qu&rsquo;une simple attache. Ils sont le lien qui unit le cadeau \u00e0 l&rsquo;anticipation, ajoutant une dimension tactile \u00e0 l&rsquo;exp\u00e9rience du d\u00e9ballage. Nos rubans personnalis\u00e9s offrent une infinit\u00e9 de possibilit\u00e9s. Choisissez la couleur, la largeur et la texture pour cr\u00e9er un ruban qui compl\u00e8te parfaitement votre papier cadeau. Ajoutez des impressions personnalis\u00e9es, des messages ou m\u00eame le logo de votre entreprise pour une touche distinctive.<\/span><\/p><p><strong><span>Papiers de Soie \u00c9l\u00e9gants :<\/span><\/strong><span> Nos papiers de soie personnalis\u00e9s sont l&rsquo;essence m\u00eame de la d\u00e9licatesse. Disponibles dans une palette de couleurs somptueuses, ces papiers translucides ajoutent une couche de myst\u00e8re et de sophistication \u00e0 chaque pr\u00e9sent. Personnalisez-les avec des motifs, des impressions d\u00e9licates ou des teintes sp\u00e9cifiques pour cr\u00e9er une harmonie parfaite avec le contenu de votre cadeau.<\/span><\/p><\/div><\/div><\/div><\/div><\/div><\/div><\/div><\/div><\/div><\/div><\/div><\/div>\t\t\t\t\t\t\t\t<\/div>\n\t\t\t\t<\/div>\n\t\t\t\t<\/div>\n\t\t\t\t<\/div>\n\t\t<div class=\"elementor-element elementor-element-c091416 e-flex e-con-boxed e-con e-parent\" data-id=\"c091416\" data-element_type=\"container\" data-e-type=\"container\" data-settings=\"{&quot;background_background&quot;:&quot;gradient&quot;}\">\n\t\t\t\t\t<div class=\"e-con-inner\">\n\t\t<div class=\"elementor-element elementor-element-ac627e8 e-con-full e-flex e-con e-child\" data-id=\"ac627e8\" data-element_type=\"container\" data-e-type=\"container\">\n\t\t\t\t<div class=\"elementor-element elementor-element-ce1c98a elementor-widget__width-initial elementor-widget elementor-widget-heading\" data-id=\"ce1c98a\" data-element_type=\"widget\" data-e-type=\"widget\" data-widget_type=\"heading.default\">\n\t\t\t\t\t<h3 class=\"elementor-heading-title elementor-size-default\"><b>housses <\/b>de vetements<\/h3>\t\t\t\t<\/div>\n\t\t\t\t<\/div>\n\t\t<div class=\"elementor-element elementor-element-9ca081e e-con-full e-flex e-con e-child\" data-id=\"9ca081e\" data-element_type=\"container\" data-e-type=\"container\">\n\t\t\t\t<div class=\"elementor-element elementor-element-d912efe elementor-widget elementor-widget-text-editor\" data-id=\"d912efe\" data-element_type=\"widget\" data-e-type=\"widget\" data-widget_type=\"text-editor.default\">\n\t\t\t\t\t\t\t\t\t<div class=\"flex-1 overflow-hidden\"><div class=\"react-scroll-to-bottom--css-cfnwt-79elbk h-full\"><div class=\"react-scroll-to-bottom--css-cfnwt-1n7m0yu targeted-reply-thread-scroller relative\"><div class=\"flex flex-col text-sm gizmo:pb-9 dark:bg-gray-800 gizmo:dark:bg-transparent\"><div class=\"group w-full text-token-text-primary border-b border-black\/10 gizmo:border-0 dark:border-gray-900\/50 gizmo:dark:border-0 bg-gray-50 gizmo:bg-transparent dark:bg-[#444654] gizmo:dark:bg-transparent\" data-testid=\"conversation-turn-3\"><div class=\"p-4 gizmo:py-2 justify-center text-base md:gap-6 md:py-6 m-auto\"><div class=\"flex flex-1 gap-4 text-base mx-auto md:gap-6 gizmo:gap-3 gizmo:md:px-5 gizmo:lg:px-1 gizmo:xl:px-5 md:max-w-2xl lg:max-w-[38rem] gizmo:md:max-w-3xl gizmo:lg:max-w-[40rem] gizmo:xl:max-w-[48rem] xl:max-w-3xl }\"><div class=\"relative flex w-[calc(100%-50px)] flex-col gizmo:w-full lg:w-[calc(100%-115px)] agent-turn\"><div class=\"flex-col gap-1 md:gap-3\"><div class=\"flex flex-grow flex-col max-w-full gap-3 gizmo:gap-0\"><div class=\"min-h-[20px] text-message peer flex flex-col items-start gap-3 whitespace-pre-wrap break-words peer-[.text-message]:mt-5 overflow-x-auto\" data-message-author-role=\"assistant\" data-message-id=\"5c43fc89-cc68-457e-8ad2-fc0611b47b52\"><div class=\"markdown prose w-full break-words dark:prose-invert light\"><p><span>Newbags, votre r\u00e9f\u00e9rence en mati\u00e8re de solutions de rangement personnalis\u00e9es et respectueuses de l&rsquo;environnement. Sp\u00e9cialis\u00e9s dans la fabrication de housses sur mesure, nous mettons notre savoir-faire au service de la protection de vos v\u00eatements, costumes, manteaux et autres articles pr\u00e9cieux.<\/span><\/p><p><span>Nos housses personnalisables sont con\u00e7ues avec une attention particuli\u00e8re \u00e0 la qualit\u00e9 et au style. Nous comprenons l&rsquo;importance de pr\u00e9server vos tenues et accessoires, c&rsquo;est pourquoi chaque housse est fabriqu\u00e9e avec des mat\u00e9riaux durables pour assurer une protection optimale.<\/span><\/p><p><span>La personnalisation est au c\u0153ur de notre offre. Exprimez votre individualit\u00e9 en cr\u00e9ant des housses uniques qui marquent votre style personnel. Choisissez parmi une vari\u00e9t\u00e9 d&rsquo;options de personnalisation, des couleurs aux motifs, pour obtenir une housse qui correspond parfaitement \u00e0 vos go\u00fbts et \u00e0 vos besoins.<\/span><\/p><p><span>Nous sommes fiers de vous offrir des solutions qui allient praticit\u00e9 et esth\u00e9tisme. Nos housses sur mesure ne sont pas seulement fonctionnelles mais aussi un moyen \u00e9l\u00e9gant de prendre soin de vos v\u00eatements. Explorez notre collection et d\u00e9couvrez comment nos housses peuvent apporter une touche de sophistication \u00e0 votre espace de rangement.<\/span><\/p><\/div><\/div><\/div><\/div><\/div><\/div><\/div><\/div><\/div><\/div><\/div><\/div>\t\t\t\t\t\t\t\t<\/div>\n\t\t\t\t<\/div>\n\t\t\t\t\t<\/div>\n\t\t\t\t<\/div>\n\t\t\t\t<\/div>\n\t\t","protected":false},"excerpt":{"rendered":"<p>NOS papiers de soie, rubans, papier cadeau \u2026 Bienvenue dans notre univers o\u00f9 l&rsquo;\u00e9l\u00e9gance et la personnalisation rencontrent l&rsquo;art de l&#8217;emballage. Notre entreprise se consacre \u00e0 la fabrication de papier cadeau, de rubans et de papiers de soie personnalis\u00e9s, transformant chaque pr\u00e9sent en une exp\u00e9rience visuelle unique. Papier Cadeau sur Mesure : Notre papier cadeau sur mesure est bien plus qu&rsquo;un simple emballage. Cr\u00e9\u00e9e avec soin et passion pour ajouter une touche de raffinement \u00e0 chacun de vos cadeau. Notre papier cadeau est con\u00e7u pour r\u00e9pondre \u00e0 vos besoins les plus exigeants. Choisissez parmi une gamme vari\u00e9e de motifs, couleurs et finitions pour cr\u00e9er un emballage qui refl\u00e8te parfaitement l&rsquo;essence de votre cadeau. Rubans Personnalis\u00e9s : Les rubans sont bien plus qu&rsquo;une simple attache. Ils sont le lien qui unit le cadeau \u00e0 l&rsquo;anticipation, ajoutant une dimension tactile \u00e0 l&rsquo;exp\u00e9rience du d\u00e9ballage. Nos rubans personnalis\u00e9s offrent une infinit\u00e9 de possibilit\u00e9s.&hellip;<\/p>\n<p> <a class=\"more-link\" href=\"https:\/\/newbags.fr\/Site2023\/autre\/\">Lire la suite<\/a><\/p>\n","protected":false},"author":1,"featured_media":0,"parent":0,"menu_order":0,"comment_status":"closed","ping_status":"closed","template":"","meta":{"footnotes":""},"class_list":["post-2084","page","type-page","status-publish"],"_links":{"self":[{"href":"https:\/\/newbags.fr\/Site2023\/wp-json\/wp\/v2\/pages\/2084","targetHints":{"allow":["GET"]}}],"collection":[{"href":"https:\/\/newbags.fr\/Site2023\/wp-json\/wp\/v2\/pages"}],"about":[{"href":"https:\/\/newbags.fr\/Site2023\/wp-json\/wp\/v2\/types\/page"}],"author":[{"embeddable":true,"href":"https:\/\/newbags.fr\/Site2023\/wp-json\/wp\/v2\/users\/1"}],"replies":[{"embeddable":true,"href":"https:\/\/newbags.fr\/Site2023\/wp-json\/wp\/v2\/comments?post=2084"}],"version-history":[{"count":16,"href":"https:\/\/newbags.fr\/Site2023\/wp-json\/wp\/v2\/pages\/2084\/revisions"}],"predecessor-version":[{"id":2367,"href":"https:\/\/newbags.fr\/Site2023\/wp-json\/wp\/v2\/pages\/2084\/revisions\/2367"}],"wp:attachment":[{"href":"https:\/\/newbags.fr\/Site2023\/wp-json\/wp\/v2\/media?parent=2084"}],"curies":[{"name":"wp","href":"https:\/\/api.w.org\/{rel}","templated":true}]}}