{"id":1962,"date":"2023-11-14T15:55:41","date_gmt":"2023-11-14T14:55:41","guid":{"rendered":"https:\/\/newbags.fr\/Site2023\/?page_id=1962"},"modified":"2023-11-22T14:13:48","modified_gmt":"2023-11-22T13:13:48","slug":"take-away","status":"publish","type":"page","link":"https:\/\/newbags.fr\/Site2023\/page-d-exemple\/take-away\/","title":{"rendered":"TAKE-AWAY"},"content":{"rendered":"\t\t<div data-elementor-type=\"wp-page\" data-elementor-id=\"1962\" class=\"elementor elementor-1962\" data-elementor-post-type=\"page\">\n\t\t\t\t<div class=\"elementor-element elementor-element-f4cfe85 e-con-full e-flex e-con e-parent\" data-id=\"f4cfe85\" data-element_type=\"container\" data-e-type=\"container\" data-settings=\"{&quot;background_background&quot;:&quot;classic&quot;,&quot;shape_divider_bottom&quot;:&quot;tilt&quot;}\">\n\t\t\t\t<div class=\"elementor-shape elementor-shape-bottom\" aria-hidden=\"true\" data-negative=\"false\">\n\t\t\t<svg xmlns=\"http:\/\/www.w3.org\/2000\/svg\" viewBox=\"0 0 1000 100\" preserveAspectRatio=\"none\">\n\t<path class=\"elementor-shape-fill\" d=\"M0,6V0h1000v100L0,6z\"\/>\n<\/svg>\t\t<\/div>\n\t\t<div class=\"elementor-element elementor-element-0bcc215 e-flex e-con-boxed e-con e-child\" data-id=\"0bcc215\" data-element_type=\"container\" data-e-type=\"container\">\n\t\t\t\t\t<div class=\"e-con-inner\">\n\t\t\t\t<div class=\"elementor-element elementor-element-b4477b8 elementor-widget elementor-widget-image\" data-id=\"b4477b8\" data-element_type=\"widget\" data-e-type=\"widget\" data-widget_type=\"image.default\">\n\t\t\t\t\t\t\t\t\t\t\t\t\t\t\t<img fetchpriority=\"high\" decoding=\"async\" width=\"712\" height=\"712\" src=\"https:\/\/newbags.fr\/Site2023\/wp-content\/uploads\/2023\/10\/borse-take-dolcevita-copie-1.png\" class=\"attachment-full size-full wp-image-1618\" alt=\"\" srcset=\"https:\/\/newbags.fr\/Site2023\/wp-content\/uploads\/2023\/10\/borse-take-dolcevita-copie-1.png 712w, https:\/\/newbags.fr\/Site2023\/wp-content\/uploads\/2023\/10\/borse-take-dolcevita-copie-1-300x300.png 300w, https:\/\/newbags.fr\/Site2023\/wp-content\/uploads\/2023\/10\/borse-take-dolcevita-copie-1-150x150.png 150w\" sizes=\"(max-width: 712px) 100vw, 712px\" \/>\t\t\t\t\t\t\t\t\t\t\t\t\t\t\t<\/div>\n\t\t\t\t\t<\/div>\n\t\t\t\t<\/div>\n\t\t<div class=\"elementor-element elementor-element-f8ffb52 e-con-full e-flex e-con e-child\" data-id=\"f8ffb52\" data-element_type=\"container\" data-e-type=\"container\" data-settings=\"{&quot;background_background&quot;:&quot;classic&quot;}\">\n\t\t<div class=\"elementor-element elementor-element-c645a63 e-con-full e-flex e-con e-child\" data-id=\"c645a63\" data-element_type=\"container\" data-e-type=\"container\">\n\t\t\t\t<div class=\"elementor-element elementor-element-25a8a75 elementor-widget__width-initial elementor-widget elementor-widget-heading\" data-id=\"25a8a75\" data-element_type=\"widget\" data-e-type=\"widget\" data-widget_type=\"heading.default\">\n\t\t\t\t\t<h3 class=\"elementor-heading-title elementor-size-default\"><b>NOS SACS<\/b><br>TAKE-AWAY\n<\/h3>\t\t\t\t<\/div>\n\t\t\t\t<div class=\"elementor-element elementor-element-89e026d elementor-widget elementor-widget-text-editor\" data-id=\"89e026d\" data-element_type=\"widget\" data-e-type=\"widget\" data-widget_type=\"text-editor.default\">\n\t\t\t\t\t\t\t\t\t<p>Sp\u00e9cialis\u00e9s dans la fabrication de sacs en papier personnalisables, nous sommes fiers de vous offrir une solution d&#8217;emballage sur mesure qui r\u00e9pond aux besoins uniques de votre entreprise, que vous soyez traiteur, chocolatier, p\u00e2tissier, fromager, ou tout autre artisan de la gastronomie.<\/p><p>Nos sacs TAKE-AWAY ont \u00e9t\u00e9 con\u00e7us avec soin pour offrir une combinaison parfaite de style et de fonctionnalit\u00e9. Dot\u00e9s de grands soufflets, ces sacs assurent non seulement une pr\u00e9sentation esth\u00e9tique de vos produits, mais \u00e9galement une facilit\u00e9 de transport in\u00e9gal\u00e9e. Les soufflets spacieux permettent d&rsquo;accueillir des portions g\u00e9n\u00e9reuses, assurant ainsi que vos clients puissent emporter leurs d\u00e9lices pr\u00e9f\u00e9r\u00e9s sans nuire \u00e0 la fra\u00eecheur ni au plaisir gustatif.<\/p><p>Que vous soyez traiteur, chocolatier, p\u00e2tissier, fromager, ou dans tout autre domaine gastronomique, nos sacs TAKE-AWAY s&rsquo;adaptent \u00e0 toutes les occasions.<\/p><p><span>Faites de chaque d\u00e9gustation une exp\u00e9rience m\u00e9morable avec nos sacs en papier personnalisables. <\/span><span>Contactez-nous d\u00e8s aujourd&rsquo;hui pour commencer \u00e0 cr\u00e9er des emballages qui livrent la qualit\u00e9 exceptionnelle de vos cr\u00e9ations culinaires !<\/span><\/p>\t\t\t\t\t\t\t\t<\/div>\n\t\t\t\t<\/div>\n\t\t\t\t<\/div>\n\t\t\t\t<\/div>\n\t\t<div class=\"elementor-element elementor-element-5a28e06 e-con-full e-flex e-con e-parent\" data-id=\"5a28e06\" data-element_type=\"container\" data-e-type=\"container\" data-settings=\"{&quot;background_background&quot;:&quot;gradient&quot;}\">\n\t\t<div class=\"elementor-element elementor-element-7931842 e-flex e-con-boxed e-con e-child\" data-id=\"7931842\" data-element_type=\"container\" data-e-type=\"container\">\n\t\t\t\t\t<div class=\"e-con-inner\">\n\t\t\t\t<div class=\"elementor-element elementor-element-9b7b201 elementor-widget__width-initial elementor-widget elementor-widget-heading\" data-id=\"9b7b201\" data-element_type=\"widget\" data-e-type=\"widget\" data-widget_type=\"heading.default\">\n\t\t\t\t\t<h3 class=\"elementor-heading-title elementor-size-default\"><b>Personnalisation <\/b>Illimit\u00e9e\n<\/h3>\t\t\t\t<\/div>\n\t\t\t\t<div class=\"elementor-element elementor-element-70096ce elementor-widget elementor-widget-text-editor\" data-id=\"70096ce\" data-element_type=\"widget\" data-e-type=\"widget\" data-widget_type=\"text-editor.default\">\n\t\t\t\t\t\t\t\t\t<p>Nos sacs en papier offrent des possibilit\u00e9s de personnalisation infinies. Gr\u00e2ce \u00e0 nos techniques d&rsquo;impression de pointe, dont la flexographie jusqu&rsquo;\u00e0 10 couleurs, l&rsquo;offset et la s\u00e9rigraphie, votre logo, vos designs et vos messages prendront vie sur chaque sac. De plus, nous proposons des options d&rsquo;impression telles que :<\/p><ul><li><strong>Vernis UV<\/strong> : Pour un effet de brillance saisissant.<\/li><li><strong>Vernis Soft Touch<\/strong> : Une douce sensation et velout\u00e9e au toucher.<\/li><li><strong>Vernis Glitter et Perl\u00e9<\/strong> : Pour une touche d&rsquo;\u00e9clat et de glamour.<\/li><\/ul>\t\t\t\t\t\t\t\t<\/div>\n\t\t\t\t\t<\/div>\n\t\t\t\t<\/div>\n\t\t<div class=\"elementor-element elementor-element-5a344a1 e-flex e-con-boxed e-con e-child\" data-id=\"5a344a1\" data-element_type=\"container\" data-e-type=\"container\">\n\t\t\t\t\t<div class=\"e-con-inner\">\n\t\t\t\t<div class=\"elementor-element elementor-element-e058652 elementor-widget-divider--view-line elementor-widget elementor-widget-divider\" data-id=\"e058652\" data-element_type=\"widget\" data-e-type=\"widget\" data-widget_type=\"divider.default\">\n\t\t\t\t\t\t\t<div class=\"elementor-divider\">\n\t\t\t<span class=\"elementor-divider-separator\">\n\t\t\t\t\t\t<\/span>\n\t\t<\/div>\n\t\t\t\t\t\t<\/div>\n\t\t\t\t<div class=\"elementor-element elementor-element-0bb892a elementor-widget__width-initial elementor-widget elementor-widget-heading\" data-id=\"0bb892a\" data-element_type=\"widget\" data-e-type=\"widget\" data-widget_type=\"heading.default\">\n\t\t\t\t\t<h3 class=\"elementor-heading-title elementor-size-default\">Options de <b>FINITION\n<\/b>\n<\/h3>\t\t\t\t<\/div>\n\t\t\t\t<div class=\"elementor-element elementor-element-bcc563d elementor-widget elementor-widget-text-editor\" data-id=\"bcc563d\" data-element_type=\"widget\" data-e-type=\"widget\" data-widget_type=\"text-editor.default\">\n\t\t\t\t\t\t\t\t\t<ul><li><strong>Pelliculage Brillant et mat certifi\u00e9<\/strong> 100% recyclable \u00a0( Paper LAM )<\/li><li><div><strong>Gaufrage <\/strong>: Il donnera un aspect \u00e9l\u00e9gant \u00e0 vos sacs, tout en faisant ressortir votre logo.<\/div><\/li><li><div><strong>Corde coton rev\u00eatue<\/strong> : A la fois solide et agr\u00e9able au port\u00e9.<\/div><\/li><\/ul>\t\t\t\t\t\t\t\t<\/div>\n\t\t\t\t\t<\/div>\n\t\t\t\t<\/div>\n\t\t\t\t<\/div>\n\t\t\t\t<\/div>\n\t\t","protected":false},"excerpt":{"rendered":"<p>NOS SACSTAKE-AWAY Sp\u00e9cialis\u00e9s dans la fabrication de sacs en papier personnalisables, nous sommes fiers de vous offrir une solution d&#8217;emballage sur mesure qui r\u00e9pond aux besoins uniques de votre entreprise, que vous soyez traiteur, chocolatier, p\u00e2tissier, fromager, ou tout autre artisan de la gastronomie. Nos sacs TAKE-AWAY ont \u00e9t\u00e9 con\u00e7us avec soin pour offrir une combinaison parfaite de style et de fonctionnalit\u00e9. Dot\u00e9s de grands soufflets, ces sacs assurent non seulement une pr\u00e9sentation esth\u00e9tique de vos produits, mais \u00e9galement une facilit\u00e9 de transport in\u00e9gal\u00e9e. Les soufflets spacieux permettent d&rsquo;accueillir des portions g\u00e9n\u00e9reuses, assurant ainsi que vos clients puissent emporter leurs d\u00e9lices pr\u00e9f\u00e9r\u00e9s sans nuire \u00e0 la fra\u00eecheur ni au plaisir gustatif. Que vous soyez traiteur, chocolatier, p\u00e2tissier, fromager, ou dans tout autre domaine gastronomique, nos sacs TAKE-AWAY s&rsquo;adaptent \u00e0 toutes les occasions. Faites de chaque d\u00e9gustation une exp\u00e9rience m\u00e9morable avec nos sacs en papier personnalisables. Contactez-nous d\u00e8s aujourd&rsquo;hui pour commencer&hellip;<\/p>\n<p> <a class=\"more-link\" href=\"https:\/\/newbags.fr\/Site2023\/page-d-exemple\/take-away\/\">Lire la suite<\/a><\/p>\n","protected":false},"author":1,"featured_media":1602,"parent":2,"menu_order":0,"comment_status":"closed","ping_status":"closed","template":"","meta":{"footnotes":""},"class_list":["post-1962","page","type-page","status-publish","has-post-thumbnail"],"_links":{"self":[{"href":"https:\/\/newbags.fr\/Site2023\/wp-json\/wp\/v2\/pages\/1962","targetHints":{"allow":["GET"]}}],"collection":[{"href":"https:\/\/newbags.fr\/Site2023\/wp-json\/wp\/v2\/pages"}],"about":[{"href":"https:\/\/newbags.fr\/Site2023\/wp-json\/wp\/v2\/types\/page"}],"author":[{"embeddable":true,"href":"https:\/\/newbags.fr\/Site2023\/wp-json\/wp\/v2\/users\/1"}],"replies":[{"embeddable":true,"href":"https:\/\/newbags.fr\/Site2023\/wp-json\/wp\/v2\/comments?post=1962"}],"version-history":[{"count":19,"href":"https:\/\/newbags.fr\/Site2023\/wp-json\/wp\/v2\/pages\/1962\/revisions"}],"predecessor-version":[{"id":2382,"href":"https:\/\/newbags.fr\/Site2023\/wp-json\/wp\/v2\/pages\/1962\/revisions\/2382"}],"up":[{"embeddable":true,"href":"https:\/\/newbags.fr\/Site2023\/wp-json\/wp\/v2\/pages\/2"}],"wp:featuredmedia":[{"embeddable":true,"href":"https:\/\/newbags.fr\/Site2023\/wp-json\/wp\/v2\/media\/1602"}],"wp:attachment":[{"href":"https:\/\/newbags.fr\/Site2023\/wp-json\/wp\/v2\/media?parent=1962"}],"curies":[{"name":"wp","href":"https:\/\/api.w.org\/{rel}","templated":true}]}}