{"id":1738,"date":"2023-10-17T12:35:32","date_gmt":"2023-10-17T10:35:32","guid":{"rendered":"https:\/\/newbags.fr\/Site2023\/?page_id=1738"},"modified":"2023-11-22T14:15:58","modified_gmt":"2023-11-22T13:15:58","slug":"nos-sacs-reutilisables","status":"publish","type":"page","link":"https:\/\/newbags.fr\/Site2023\/page-d-exemple\/nos-sacs-reutilisables\/","title":{"rendered":"\u00c9CO-RESPONSABLES"},"content":{"rendered":"\t\t<div data-elementor-type=\"wp-page\" data-elementor-id=\"1738\" class=\"elementor elementor-1738\" data-elementor-post-type=\"page\">\n\t\t\t\t<div class=\"elementor-element elementor-element-f4cfe85 e-con-full e-flex e-con e-parent\" data-id=\"f4cfe85\" data-element_type=\"container\" data-e-type=\"container\" data-settings=\"{&quot;background_background&quot;:&quot;classic&quot;,&quot;shape_divider_bottom&quot;:&quot;tilt&quot;}\">\n\t\t\t\t<div class=\"elementor-shape elementor-shape-bottom\" aria-hidden=\"true\" data-negative=\"false\">\n\t\t\t<svg xmlns=\"http:\/\/www.w3.org\/2000\/svg\" viewBox=\"0 0 1000 100\" preserveAspectRatio=\"none\">\n\t<path class=\"elementor-shape-fill\" d=\"M0,6V0h1000v100L0,6z\"\/>\n<\/svg>\t\t<\/div>\n\t\t<div class=\"elementor-element elementor-element-0bcc215 e-flex e-con-boxed e-con e-child\" data-id=\"0bcc215\" data-element_type=\"container\" data-e-type=\"container\">\n\t\t\t\t\t<div class=\"e-con-inner\">\n\t\t\t\t<div class=\"elementor-element elementor-element-07b17e3 elementor-widget elementor-widget-image\" data-id=\"07b17e3\" data-element_type=\"widget\" data-e-type=\"widget\" data-widget_type=\"image.default\">\n\t\t\t\t\t\t\t\t\t\t\t\t\t\t\t<img decoding=\"async\" src=\"https:\/\/newbags.fr\/Site2023\/wp-content\/uploads\/2023\/11\/Re-utilisable-3-copie.png\" title=\"Re\u0301-utilisable 3 copie\" alt=\"Re\u0301-utilisable 3 copie\" loading=\"lazy\" \/>\t\t\t\t\t\t\t\t\t\t\t\t\t\t\t<\/div>\n\t\t\t\t\t<\/div>\n\t\t\t\t<\/div>\n\t\t<div class=\"elementor-element elementor-element-f8ffb52 e-con-full e-flex e-con e-child\" data-id=\"f8ffb52\" data-element_type=\"container\" data-e-type=\"container\" data-settings=\"{&quot;background_background&quot;:&quot;classic&quot;}\">\n\t\t<div class=\"elementor-element elementor-element-c645a63 e-con-full e-flex e-con e-child\" data-id=\"c645a63\" data-element_type=\"container\" data-e-type=\"container\">\n\t\t\t\t<div class=\"elementor-element elementor-element-25a8a75 elementor-widget__width-initial elementor-widget elementor-widget-heading\" data-id=\"25a8a75\" data-element_type=\"widget\" data-e-type=\"widget\" data-widget_type=\"heading.default\">\n\t\t\t\t\t<h3 class=\"elementor-heading-title elementor-size-default\"><b>NOS SACS\n<\/b>\u00c9CO-RESPONSABLES<\/h3>\t\t\t\t<\/div>\n\t\t\t\t<div class=\"elementor-element elementor-element-89e026d elementor-widget elementor-widget-text-editor\" data-id=\"89e026d\" data-element_type=\"widget\" data-e-type=\"widget\" data-widget_type=\"text-editor.default\">\n\t\t\t\t\t\t\t\t\t<p>Chez NEWBAGS, nous sommes fiers de vous pr\u00e9senter notre gamme exceptionnelle de sacs r\u00e9utilisables. Con\u00e7us pour offrir une combinaison parfaite de durabilit\u00e9, de praticit\u00e9 et d&rsquo;esth\u00e9tique, le tout avec un souci constant de l&rsquo;environnement.&nbsp;<\/p>\n<p><\/p>\t\t\t\t\t\t\t\t<\/div>\n\t\t\t\t<\/div>\n\t\t\t\t<div class=\"elementor-element elementor-element-7565cbd elementor-widget-divider--view-line elementor-widget elementor-widget-divider\" data-id=\"7565cbd\" data-element_type=\"widget\" data-e-type=\"widget\" data-widget_type=\"divider.default\">\n\t\t\t\t\t\t\t<div class=\"elementor-divider\">\n\t\t\t<span class=\"elementor-divider-separator\">\n\t\t\t\t\t\t<\/span>\n\t\t<\/div>\n\t\t\t\t\t\t<\/div>\n\t\t<div class=\"elementor-element elementor-element-5e0a22e e-con-full e-flex e-con e-child\" data-id=\"5e0a22e\" data-element_type=\"container\" data-e-type=\"container\">\n\t\t\t\t<div class=\"elementor-element elementor-element-b26ced3 elementor-widget__width-initial elementor-widget elementor-widget-heading\" data-id=\"b26ced3\" data-element_type=\"widget\" data-e-type=\"widget\" data-widget_type=\"heading.default\">\n\t\t\t\t\t<h3 class=\"elementor-heading-title elementor-size-default\"><b>DES MAT\u00c9RIAUX <\/b>DE HAUTE QUALIT\u00c9\n<\/h3>\t\t\t\t<\/div>\n\t\t\t\t<div class=\"elementor-element elementor-element-c1735a5 elementor-widget elementor-widget-text-editor\" data-id=\"c1735a5\" data-element_type=\"widget\" data-e-type=\"widget\" data-widget_type=\"text-editor.default\">\n\t\t\t\t\t\t\t\t\t<p>Nous proposons une vari\u00e9t\u00e9 de mat\u00e9riaux de haute qualit\u00e9 pour la fabrication de nos sacs en papier r\u00e9utilisables, notamment :<\/p><ul><li><strong>PPW (Polypropyl\u00e8ne Tiss\u00e9)<\/strong> : Disponible dans des poids allant de 120 gr \u00e0 200 gr, le PPW est un mat\u00e9riau r\u00e9sistant et recyclable, id\u00e9al pour une utilisation r\u00e9p\u00e9t\u00e9e.<\/li><li><strong>TNT (Tissu Non Tiss\u00e9)<\/strong> : Choisissez parmi des options allant de 80 gr \u00e0 140 gr, le TNT est r\u00e9put\u00e9 pour sa durabilit\u00e9 et son c\u00f4t\u00e9 \u00e9co-responsable.<\/li><\/ul>\t\t\t\t\t\t\t\t<\/div>\n\t\t\t\t<\/div>\n\t\t\t\t<\/div>\n\t\t\t\t<\/div>\n\t\t<div class=\"elementor-element elementor-element-5a28e06 e-con-full e-flex e-con e-parent\" data-id=\"5a28e06\" data-element_type=\"container\" data-e-type=\"container\" data-settings=\"{&quot;background_background&quot;:&quot;gradient&quot;}\">\n\t\t\t\t<div class=\"elementor-element elementor-element-70096ce elementor-widget elementor-widget-text-editor\" data-id=\"70096ce\" data-element_type=\"widget\" data-e-type=\"widget\" data-widget_type=\"text-editor.default\">\n\t\t\t\t\t\t\t\t\t<h3 class=\"elementor-heading-title elementor-size-default elementor-inline-editing pen\" style=\"color: var( --e-global-color-b1c10a2 ); font-family: Poppins, sans-serif; word-spacing: 0px; font-weight: 300; font-size: 40px;\" data-elementor-setting-key=\"title\" data-pen-placeholder=\"\u00c9crivez ici...\"><span style=\"font-weight: bold;\">IMPRESSION <\/span>ILLIMIT\u00c9E<\/h3><p>Afin de mettre en valeur votre image de marque, nous offrons une vaste gamme de techniques d&rsquo;impression de haute qualit\u00e9, notamment.<\/p><ul><li><strong>H\u00e9liogravure :<\/strong> Pour une impression pr\u00e9cise et de grande qualit\u00e9, parfaite pour les dessins complexes.<\/li><li><strong>Flexographie :<\/strong> Id\u00e9ale pour des impressions nettes et vives, parfaites pour les logos et les motifs.<\/li><li><strong>Impression Num\u00e9rique :<\/strong> Cette option est id\u00e9ale pour des tirages personnalis\u00e9s et flexibles.<\/li><li><strong>S\u00e9rigraphie :<\/strong> Offrez un aspect artistique et distinctif \u00e0 vos sacs gr\u00e2ce \u00e0 cette technique d&rsquo;impression haut de gamme.<\/li><\/ul>\t\t\t\t\t\t\t\t<\/div>\n\t\t<div class=\"elementor-element elementor-element-5a344a1 e-flex e-con-boxed e-con e-child\" data-id=\"5a344a1\" data-element_type=\"container\" data-e-type=\"container\">\n\t\t\t\t\t<div class=\"e-con-inner\">\n\t\t\t\t<div class=\"elementor-element elementor-element-aaeaddf elementor-widget-divider--view-line elementor-widget elementor-widget-divider\" data-id=\"aaeaddf\" data-element_type=\"widget\" data-e-type=\"widget\" data-widget_type=\"divider.default\">\n\t\t\t\t\t\t\t<div class=\"elementor-divider\">\n\t\t\t<span class=\"elementor-divider-separator\">\n\t\t\t\t\t\t<\/span>\n\t\t<\/div>\n\t\t\t\t\t\t<\/div>\n\t\t\t\t<div class=\"elementor-element elementor-element-9c9eb62 elementor-widget__width-initial elementor-widget elementor-widget-heading\" data-id=\"9c9eb62\" data-element_type=\"widget\" data-e-type=\"widget\" data-widget_type=\"heading.default\">\n\t\t\t\t\t<h3 class=\"elementor-heading-title elementor-size-default\">Personnalisation <b>avanc\u00e9e\n<\/b>\n<\/h3>\t\t\t\t<\/div>\n\t\t\t\t<div class=\"elementor-element elementor-element-8eeb9f7 elementor-widget elementor-widget-text-editor\" data-id=\"8eeb9f7\" data-element_type=\"widget\" data-e-type=\"widget\" data-widget_type=\"text-editor.default\">\n\t\t\t\t\t\t\t\t\t<ul><li><strong>Impression Personnalis\u00e9e :<\/strong> Optez pour une impression qui met en avant vos couleurs, logos et designs uniques. Que ce soit avec l&rsquo;h\u00e9liogravure, la flexographie, l&rsquo;impression num\u00e9rique ou la s\u00e9rigraphie, nous garantissons une reproduction fid\u00e8le de vos motifs.<\/li><li><strong>Gaufrage :<\/strong> Ajoutez une dimension tactile \u00e0 vos sacs en papier r\u00e9utilisables en personnalisant l&rsquo;option de gaufrage. Vos clients sentiront la qualit\u00e9 de votre sac \u00e0 chaque toucher.<\/li><li><strong>Pelliculage Brillant ou Mat :<\/strong> Personnalisez l&rsquo;apparence de vos sacs en choisissant entre un pelliculage brillant pour un \u00e9clat \u00e9l\u00e9gant ou un pelliculage mat pour une finition sobre et sophistiqu\u00e9e.<\/li><li><strong>Poign\u00e9es et Cordons :<\/strong> Personnalisez les poign\u00e9es de vos sacs en s\u00e9lectionnant des mat\u00e9riaux de qualit\u00e9 et des couleurs assorties \u00e0 votre design. Vous pouvez \u00e9galement opter pour des cordons pour un transport plus pratique.<\/li><li><strong>D\u00e9tails Sp\u00e9cifiques :<\/strong> Discutez de vos besoins sp\u00e9cifiques avec notre \u00e9quipe d\u00e9di\u00e9e \u00e0 la personnalisation. Que ce soit des coutures contrastantes, des motifs sp\u00e9ciaux ou des accessoires sur mesure, nous sommes l\u00e0 pour r\u00e9aliser votre vision.<br \/><div class=\"relative flex h-full flex-1 items-stretch md:flex-col\">\u00a0<\/div><\/li><\/ul>\t\t\t\t\t\t\t\t<\/div>\n\t\t\t\t\t<\/div>\n\t\t\t\t<\/div>\n\t\t\t\t<\/div>\n\t\t\t\t<\/div>\n\t\t","protected":false},"excerpt":{"rendered":"<p>NOS SACS \u00c9CO-RESPONSABLES Chez NEWBAGS, nous sommes fiers de vous pr\u00e9senter notre gamme exceptionnelle de sacs r\u00e9utilisables. Con\u00e7us pour offrir une combinaison parfaite de durabilit\u00e9, de praticit\u00e9 et d&rsquo;esth\u00e9tique, le tout avec un souci constant de l&rsquo;environnement.&nbsp; DES MAT\u00c9RIAUX DE HAUTE QUALIT\u00c9 Nous proposons une vari\u00e9t\u00e9 de mat\u00e9riaux de haute qualit\u00e9 pour la fabrication de nos sacs en papier r\u00e9utilisables, notamment : PPW (Polypropyl\u00e8ne Tiss\u00e9) : Disponible dans des poids allant de 120 gr \u00e0 200 gr, le PPW est un mat\u00e9riau r\u00e9sistant et recyclable, id\u00e9al pour une utilisation r\u00e9p\u00e9t\u00e9e. TNT (Tissu Non Tiss\u00e9) : Choisissez parmi des options allant de 80 gr \u00e0 140 gr, le TNT est r\u00e9put\u00e9 pour sa durabilit\u00e9 et son c\u00f4t\u00e9 \u00e9co-responsable. IMPRESSION ILLIMIT\u00c9E Afin de mettre en valeur votre image de marque, nous offrons une vaste gamme de techniques d&rsquo;impression de haute qualit\u00e9, notamment. H\u00e9liogravure : Pour une impression pr\u00e9cise et de grande qualit\u00e9,&hellip;<\/p>\n<p> <a class=\"more-link\" href=\"https:\/\/newbags.fr\/Site2023\/page-d-exemple\/nos-sacs-reutilisables\/\">Lire la suite<\/a><\/p>\n","protected":false},"author":1,"featured_media":1602,"parent":2,"menu_order":0,"comment_status":"closed","ping_status":"closed","template":"","meta":{"footnotes":""},"class_list":["post-1738","page","type-page","status-publish","has-post-thumbnail"],"_links":{"self":[{"href":"https:\/\/newbags.fr\/Site2023\/wp-json\/wp\/v2\/pages\/1738","targetHints":{"allow":["GET"]}}],"collection":[{"href":"https:\/\/newbags.fr\/Site2023\/wp-json\/wp\/v2\/pages"}],"about":[{"href":"https:\/\/newbags.fr\/Site2023\/wp-json\/wp\/v2\/types\/page"}],"author":[{"embeddable":true,"href":"https:\/\/newbags.fr\/Site2023\/wp-json\/wp\/v2\/users\/1"}],"replies":[{"embeddable":true,"href":"https:\/\/newbags.fr\/Site2023\/wp-json\/wp\/v2\/comments?post=1738"}],"version-history":[{"count":37,"href":"https:\/\/newbags.fr\/Site2023\/wp-json\/wp\/v2\/pages\/1738\/revisions"}],"predecessor-version":[{"id":2428,"href":"https:\/\/newbags.fr\/Site2023\/wp-json\/wp\/v2\/pages\/1738\/revisions\/2428"}],"up":[{"embeddable":true,"href":"https:\/\/newbags.fr\/Site2023\/wp-json\/wp\/v2\/pages\/2"}],"wp:featuredmedia":[{"embeddable":true,"href":"https:\/\/newbags.fr\/Site2023\/wp-json\/wp\/v2\/media\/1602"}],"wp:attachment":[{"href":"https:\/\/newbags.fr\/Site2023\/wp-json\/wp\/v2\/media?parent=1738"}],"curies":[{"name":"wp","href":"https:\/\/api.w.org\/{rel}","templated":true}]}}