{"id":1734,"date":"2023-10-17T12:37:11","date_gmt":"2023-10-17T10:37:11","guid":{"rendered":"https:\/\/newbags.fr\/Site2023\/?page_id=1734"},"modified":"2023-11-22T09:38:22","modified_gmt":"2023-11-22T08:38:22","slug":"nos-sacs-en-coton","status":"publish","type":"page","link":"https:\/\/newbags.fr\/Site2023\/page-d-exemple\/nos-sacs-en-coton\/","title":{"rendered":"EN COTON"},"content":{"rendered":"\t\t<div data-elementor-type=\"wp-page\" data-elementor-id=\"1734\" class=\"elementor elementor-1734\" data-elementor-post-type=\"page\">\n\t\t\t\t<div class=\"elementor-element elementor-element-f4cfe85 e-flex e-con-boxed e-con e-parent\" data-id=\"f4cfe85\" data-element_type=\"container\" data-e-type=\"container\" data-settings=\"{&quot;background_background&quot;:&quot;classic&quot;,&quot;shape_divider_bottom&quot;:&quot;tilt&quot;}\">\n\t\t\t\t\t<div class=\"e-con-inner\">\n\t\t\t\t<div class=\"elementor-shape elementor-shape-bottom\" aria-hidden=\"true\" data-negative=\"false\">\n\t\t\t<svg xmlns=\"http:\/\/www.w3.org\/2000\/svg\" viewBox=\"0 0 1000 100\" preserveAspectRatio=\"none\">\n\t<path class=\"elementor-shape-fill\" d=\"M0,6V0h1000v100L0,6z\"\/>\n<\/svg>\t\t<\/div>\n\t\t<div class=\"elementor-element elementor-element-0bcc215 e-con-full e-flex e-con e-child\" data-id=\"0bcc215\" data-element_type=\"container\" data-e-type=\"container\">\n\t\t\t\t<div class=\"elementor-element elementor-element-29983a2 elementor-widget-tablet__width-inherit elementor-widget elementor-widget-image-carousel\" data-id=\"29983a2\" data-element_type=\"widget\" data-e-type=\"widget\" data-settings=\"{&quot;navigation&quot;:&quot;none&quot;,&quot;pause_on_hover&quot;:&quot;no&quot;,&quot;autoplay_speed&quot;:2000,&quot;slides_to_show&quot;:&quot;1&quot;,&quot;slides_to_show_tablet&quot;:&quot;1&quot;,&quot;slides_to_show_mobile&quot;:&quot;1&quot;,&quot;pause_on_interaction&quot;:&quot;no&quot;,&quot;effect&quot;:&quot;fade&quot;,&quot;autoplay&quot;:&quot;yes&quot;,&quot;infinite&quot;:&quot;yes&quot;,&quot;speed&quot;:500}\" data-widget_type=\"image-carousel.default\">\n\t\t\t\t\t\t\t<div class=\"elementor-image-carousel-wrapper swiper\" role=\"region\" aria-roledescription=\"carousel\" aria-label=\"Carrousel d\u2019images\" dir=\"ltr\">\n\t\t\t<div class=\"elementor-image-carousel swiper-wrapper\" aria-live=\"off\">\n\t\t\t\t\t\t\t\t<div class=\"swiper-slide\" role=\"group\" aria-roledescription=\"slide\" aria-label=\"1 sur 6\"><figure class=\"swiper-slide-inner\"><img decoding=\"async\" class=\"swiper-slide-image\" src=\"https:\/\/newbags.fr\/Site2023\/wp-content\/uploads\/elementor\/thumbs\/Sac-coton-1-qbmil880f0kz7ob75zzlvbnij7lfy18peuotsmkwp4.png\" alt=\"Sac en coton\" \/><\/figure><\/div><div class=\"swiper-slide\" role=\"group\" aria-roledescription=\"slide\" aria-label=\"2 sur 6\"><figure class=\"swiper-slide-inner\"><img decoding=\"async\" class=\"swiper-slide-image\" src=\"https:\/\/newbags.fr\/Site2023\/wp-content\/uploads\/2023\/11\/Sac-Coton-2-copie-2.png\" alt=\"\" \/><\/figure><\/div><div class=\"swiper-slide\" role=\"group\" aria-roledescription=\"slide\" aria-label=\"3 sur 6\"><figure class=\"swiper-slide-inner\"><img decoding=\"async\" class=\"swiper-slide-image\" src=\"https:\/\/newbags.fr\/Site2023\/wp-content\/uploads\/elementor\/thumbs\/Sac-Coton-3-copie-qf0m63dzgkeceymhnhfwcsizbuid54icuf3aw19saw.png\" alt=\"Sac en coton\" \/><\/figure><\/div><div class=\"swiper-slide\" role=\"group\" aria-roledescription=\"slide\" aria-label=\"4 sur 6\"><figure class=\"swiper-slide-inner\"><img decoding=\"async\" class=\"swiper-slide-image\" src=\"https:\/\/newbags.fr\/Site2023\/wp-content\/uploads\/elementor\/thumbs\/Sac-coton-impression-digiotale-copie-qf0m61ib2wbrrqp7ygmn7t0252rmpqaw65sbxhcknc.png\" alt=\"Sac en coton\" \/><\/figure><\/div><div class=\"swiper-slide\" role=\"group\" aria-roledescription=\"slide\" aria-label=\"5 sur 6\"><figure class=\"swiper-slide-inner\"><img decoding=\"async\" class=\"swiper-slide-image\" src=\"https:\/\/newbags.fr\/Site2023\/wp-content\/uploads\/elementor\/thumbs\/Sac-coton-OR-copie-qf0m5zmmp8974iry9fte2th4yb0wac3fhwhcyxfczs.png\" alt=\"Sac en coton\" \/><\/figure><\/div><div class=\"swiper-slide\" role=\"group\" aria-roledescription=\"slide\" aria-label=\"6 sur 6\"><figure class=\"swiper-slide-inner\"><img decoding=\"async\" class=\"swiper-slide-image\" src=\"https:\/\/newbags.fr\/Site2023\/wp-content\/uploads\/elementor\/thumbs\/Sac-Coton-1-copie-qf0m5xqybk6mhauokf04xty7rja5uxvytn6e0di5c8.png\" alt=\"Sac en coton\" \/><\/figure><\/div>\t\t\t<\/div>\n\t\t\t\t\t\t\t\n\t\t\t\t\t\t\t\t\t<\/div>\n\t\t\t\t\t\t<\/div>\n\t\t\t\t<\/div>\n\t\t<div class=\"elementor-element elementor-element-f8ffb52 e-con-full e-flex e-con e-child\" data-id=\"f8ffb52\" data-element_type=\"container\" data-e-type=\"container\" data-settings=\"{&quot;background_background&quot;:&quot;classic&quot;}\">\n\t\t\t\t<div class=\"elementor-element elementor-element-25a8a75 elementor-widget elementor-widget-heading\" data-id=\"25a8a75\" data-element_type=\"widget\" data-e-type=\"widget\" data-widget_type=\"heading.default\">\n\t\t\t\t\t<h3 class=\"elementor-heading-title elementor-size-default\">NOS SACS\n<\/b><b>EN COTON\n<\/h3>\t\t\t\t<\/div>\n\t\t\t\t<div class=\"elementor-element elementor-element-89e026d elementor-widget elementor-widget-text-editor\" data-id=\"89e026d\" data-element_type=\"widget\" data-e-type=\"widget\" data-widget_type=\"text-editor.default\">\n\t\t\t\t\t\t\t\t\t<p>Chez NEWBAGS, nous sommes fiers de vous pr\u00e9senter notre gamme exclusive de sacs en tissu de coton de luxe. Chaque sac est con\u00e7u avec une attention m\u00e9ticuleuse aux d\u00e9tails, mettant en valeur notre engagement envers la qualit\u00e9, l&rsquo;esth\u00e9tique et la durabilit\u00e9. Nos sacs en tissu de coton sont cr\u00e9\u00e9s pour impressionner votre public tout en mettant en avant l&rsquo;importance de la responsabilit\u00e9 environnementale.<\/p>\t\t\t\t\t\t\t\t<\/div>\n\t\t\t\t<div class=\"elementor-element elementor-element-7565cbd elementor-widget-divider--view-line elementor-widget elementor-widget-divider\" data-id=\"7565cbd\" data-element_type=\"widget\" data-e-type=\"widget\" data-widget_type=\"divider.default\">\n\t\t\t\t\t\t\t<div class=\"elementor-divider\">\n\t\t\t<span class=\"elementor-divider-separator\">\n\t\t\t\t\t\t<\/span>\n\t\t<\/div>\n\t\t\t\t\t\t<\/div>\n\t\t\t\t<div class=\"elementor-element elementor-element-b26ced3 elementor-widget__width-initial elementor-widget-tablet__width-inherit elementor-widget elementor-widget-heading\" data-id=\"b26ced3\" data-element_type=\"widget\" data-e-type=\"widget\" data-widget_type=\"heading.default\">\n\t\t\t\t\t<h3 class=\"elementor-heading-title elementor-size-default\"><b>UNE QUALIT\u00c9 <\/b>Sup\u00e9rieure\n<\/h3>\t\t\t\t<\/div>\n\t\t\t\t<div class=\"elementor-element elementor-element-c1735a5 elementor-widget elementor-widget-text-editor\" data-id=\"c1735a5\" data-element_type=\"widget\" data-e-type=\"widget\" data-widget_type=\"text-editor.default\">\n\t\t\t\t\t\t\t\t\t<p>Nous offrons une vari\u00e9t\u00e9 de poids et de types de coton pour la fabrication de nos sacs en tissu de coton de luxe, y comprenant :<\/p><ul><li><strong>Coton de 120 gr \u00e0 300 gr :<\/strong> Un tissu doux et r\u00e9sistant qui offre une base id\u00e9ale pour vos cr\u00e9ations personnalis\u00e9es.<\/li><li><strong>Coton BIO de 120 gr \u00e0 300 gr :<\/strong> Choisissez cette option \u00e9cologique pour une d\u00e9marche \u00e9thique et durable.<\/li><\/ul>\t\t\t\t\t\t\t\t<\/div>\n\t\t\t\t<\/div>\n\t\t\t\t\t<\/div>\n\t\t\t\t<\/div>\n\t\t<div class=\"elementor-element elementor-element-b663535 e-con-full e-flex e-con e-parent\" data-id=\"b663535\" data-element_type=\"container\" data-e-type=\"container\">\n\t\t<div class=\"elementor-element elementor-element-2b290d9 e-flex e-con-boxed e-con e-child\" data-id=\"2b290d9\" data-element_type=\"container\" data-e-type=\"container\" data-settings=\"{&quot;background_background&quot;:&quot;classic&quot;}\">\n\t\t\t\t\t<div class=\"e-con-inner\">\n\t\t\t\t<div class=\"elementor-element elementor-element-9b0d11a elementor-widget__width-initial elementor-widget-tablet__width-inherit elementor-widget elementor-widget-heading\" data-id=\"9b0d11a\" data-element_type=\"widget\" data-e-type=\"widget\" data-widget_type=\"heading.default\">\n\t\t\t\t\t<h3 class=\"elementor-heading-title elementor-size-default\"><b>TECHNIQUES <\/b>\nD'IMPRESSION\n<\/h3>\t\t\t\t<\/div>\n\t\t\t\t<div class=\"elementor-element elementor-element-2c1a5c4 elementor-widget elementor-widget-text-editor\" data-id=\"2c1a5c4\" data-element_type=\"widget\" data-e-type=\"widget\" data-widget_type=\"text-editor.default\">\n\t\t\t\t\t\t\t\t\t<p>Pour que vos sacs en tissu de coton de luxe incarnent parfaitement votre image de marque, nous offrons une gamme compl\u00e8te de techniques d&rsquo;impression de haute qualit\u00e9, notamment :<\/p><ul><li><strong>Offset :<\/strong> Pour une impression nette et pr\u00e9cise de vos motifs.<\/li><li><strong>Impression Num\u00e9rique :<\/strong> Parfaite pour la personnalisation complexe et les petits tirages.<\/li><li><strong>S\u00e9rigraphie :<\/strong> Donnez \u00e0 vos sacs en tissu une touche artistique et distinctive gr\u00e2ce \u00e0 cette technique d&rsquo;impression de premier plan.<\/li><li><strong>Sublimation :<\/strong> Pour des designs vibrants et r\u00e9sistants.<\/li><\/ul>\t\t\t\t\t\t\t\t<\/div>\n\t\t\t\t\t<\/div>\n\t\t\t\t<\/div>\n\t\t\t\t<\/div>\n\t\t\t\t<\/div>\n\t\t","protected":false},"excerpt":{"rendered":"<p>NOS SACS EN COTON Chez NEWBAGS, nous sommes fiers de vous pr\u00e9senter notre gamme exclusive de sacs en tissu de coton de luxe. Chaque sac est con\u00e7u avec une attention m\u00e9ticuleuse aux d\u00e9tails, mettant en valeur notre engagement envers la qualit\u00e9, l&rsquo;esth\u00e9tique et la durabilit\u00e9. Nos sacs en tissu de coton sont cr\u00e9\u00e9s pour impressionner votre public tout en mettant en avant l&rsquo;importance de la responsabilit\u00e9 environnementale. UNE QUALIT\u00c9 Sup\u00e9rieure Nous offrons une vari\u00e9t\u00e9 de poids et de types de coton pour la fabrication de nos sacs en tissu de coton de luxe, y comprenant : Coton de 120 gr \u00e0 300 gr : Un tissu doux et r\u00e9sistant qui offre une base id\u00e9ale pour vos cr\u00e9ations personnalis\u00e9es. Coton BIO de 120 gr \u00e0 300 gr : Choisissez cette option \u00e9cologique pour une d\u00e9marche \u00e9thique et durable. TECHNIQUES D&rsquo;IMPRESSION Pour que vos sacs en tissu de coton de luxe incarnent&hellip;<\/p>\n<p> <a class=\"more-link\" href=\"https:\/\/newbags.fr\/Site2023\/page-d-exemple\/nos-sacs-en-coton\/\">Lire la suite<\/a><\/p>\n","protected":false},"author":1,"featured_media":1602,"parent":2,"menu_order":0,"comment_status":"closed","ping_status":"closed","template":"","meta":{"footnotes":""},"class_list":["post-1734","page","type-page","status-publish","has-post-thumbnail"],"_links":{"self":[{"href":"https:\/\/newbags.fr\/Site2023\/wp-json\/wp\/v2\/pages\/1734","targetHints":{"allow":["GET"]}}],"collection":[{"href":"https:\/\/newbags.fr\/Site2023\/wp-json\/wp\/v2\/pages"}],"about":[{"href":"https:\/\/newbags.fr\/Site2023\/wp-json\/wp\/v2\/types\/page"}],"author":[{"embeddable":true,"href":"https:\/\/newbags.fr\/Site2023\/wp-json\/wp\/v2\/users\/1"}],"replies":[{"embeddable":true,"href":"https:\/\/newbags.fr\/Site2023\/wp-json\/wp\/v2\/comments?post=1734"}],"version-history":[{"count":38,"href":"https:\/\/newbags.fr\/Site2023\/wp-json\/wp\/v2\/pages\/1734\/revisions"}],"predecessor-version":[{"id":2355,"href":"https:\/\/newbags.fr\/Site2023\/wp-json\/wp\/v2\/pages\/1734\/revisions\/2355"}],"up":[{"embeddable":true,"href":"https:\/\/newbags.fr\/Site2023\/wp-json\/wp\/v2\/pages\/2"}],"wp:featuredmedia":[{"embeddable":true,"href":"https:\/\/newbags.fr\/Site2023\/wp-json\/wp\/v2\/media\/1602"}],"wp:attachment":[{"href":"https:\/\/newbags.fr\/Site2023\/wp-json\/wp\/v2\/media?parent=1734"}],"curies":[{"name":"wp","href":"https:\/\/api.w.org\/{rel}","templated":true}]}}