{"id":1721,"date":"2023-10-17T12:09:56","date_gmt":"2023-10-17T10:09:56","guid":{"rendered":"https:\/\/newbags.fr\/Site2023\/?page_id=1721"},"modified":"2023-11-22T09:35:04","modified_gmt":"2023-11-22T08:35:04","slug":"nos-sacs-luxe","status":"publish","type":"page","link":"https:\/\/newbags.fr\/Site2023\/page-d-exemple\/nos-sacs-luxe\/","title":{"rendered":"EN PAPIER LUXE"},"content":{"rendered":"\t\t<div data-elementor-type=\"wp-page\" data-elementor-id=\"1721\" class=\"elementor elementor-1721\" data-elementor-post-type=\"page\">\n\t\t\t\t<div class=\"elementor-element elementor-element-f4cfe85 e-con-full e-flex e-con e-parent\" data-id=\"f4cfe85\" data-element_type=\"container\" data-e-type=\"container\" data-settings=\"{&quot;background_background&quot;:&quot;classic&quot;,&quot;shape_divider_bottom&quot;:&quot;tilt&quot;}\">\n\t\t\t\t<div class=\"elementor-shape elementor-shape-bottom\" aria-hidden=\"true\" data-negative=\"false\">\n\t\t\t<svg xmlns=\"http:\/\/www.w3.org\/2000\/svg\" viewBox=\"0 0 1000 100\" preserveAspectRatio=\"none\">\n\t<path class=\"elementor-shape-fill\" d=\"M0,6V0h1000v100L0,6z\"\/>\n<\/svg>\t\t<\/div>\n\t\t<div class=\"elementor-element elementor-element-0bcc215 e-con-full e-flex e-con e-child\" data-id=\"0bcc215\" data-element_type=\"container\" data-e-type=\"container\">\n\t\t\t\t<div class=\"elementor-element elementor-element-5ae0d69 elementor-widget-tablet__width-inherit elementor-widget elementor-widget-image-carousel\" data-id=\"5ae0d69\" data-element_type=\"widget\" data-e-type=\"widget\" data-settings=\"{&quot;navigation&quot;:&quot;none&quot;,&quot;pause_on_hover&quot;:&quot;no&quot;,&quot;autoplay_speed&quot;:2000,&quot;slides_to_show&quot;:&quot;1&quot;,&quot;slides_to_show_tablet&quot;:&quot;1&quot;,&quot;slides_to_show_mobile&quot;:&quot;1&quot;,&quot;pause_on_interaction&quot;:&quot;no&quot;,&quot;effect&quot;:&quot;fade&quot;,&quot;autoplay&quot;:&quot;yes&quot;,&quot;infinite&quot;:&quot;yes&quot;,&quot;speed&quot;:500}\" data-widget_type=\"image-carousel.default\">\n\t\t\t\t\t\t\t<div class=\"elementor-image-carousel-wrapper swiper\" role=\"region\" aria-roledescription=\"carousel\" aria-label=\"Carrousel d\u2019images\" dir=\"ltr\">\n\t\t\t<div class=\"elementor-image-carousel swiper-wrapper\" aria-live=\"off\">\n\t\t\t\t\t\t\t\t<div class=\"swiper-slide\" role=\"group\" aria-roledescription=\"slide\" aria-label=\"1 sur 6\"><figure class=\"swiper-slide-inner\"><img decoding=\"async\" class=\"swiper-slide-image\" src=\"https:\/\/newbags.fr\/Site2023\/wp-content\/uploads\/elementor\/thumbs\/Immagini-Gallery-Dolcevita-Taffarello-51-qbmhwsf2q34lcnt5vfot1ho2ik1vtc7y1w2clmteh4.png\" alt=\"Sac Luxe\" \/><\/figure><\/div><div class=\"swiper-slide\" role=\"group\" aria-roledescription=\"slide\" aria-label=\"2 sur 6\"><figure class=\"swiper-slide-inner\"><img decoding=\"async\" class=\"swiper-slide-image\" src=\"https:\/\/newbags.fr\/Site2023\/wp-content\/uploads\/elementor\/thumbs\/9_124_prodotti_gallery_pop_9_14_prodotti_gallery_pop_gallery-barcellona05-copie-qf0n7494nn2xq0ufghkvkg6lo80ubxhqlo5teedj7s.png\" alt=\"Sac Luxe\" \/><\/figure><\/div><div class=\"swiper-slide\" role=\"group\" aria-roledescription=\"slide\" aria-label=\"3 sur 6\"><figure class=\"swiper-slide-inner\"><img decoding=\"async\" class=\"swiper-slide-image\" src=\"https:\/\/newbags.fr\/Site2023\/wp-content\/uploads\/elementor\/thumbs\/2_277_prodotti_gallery_pop_2_88_prodotti_gallery_pop_gallery-standard09-copie-qf0n6zjxpgwi3z197xjqpzdapao09fz2x0we00ki2w.png\" alt=\"Sac Luxe\" \/><\/figure><\/div><div class=\"swiper-slide\" role=\"group\" aria-roledescription=\"slide\" aria-label=\"4 sur 6\"><figure class=\"swiper-slide-inner\"><img decoding=\"async\" class=\"swiper-slide-image\" src=\"https:\/\/newbags.fr\/Site2023\/wp-content\/uploads\/elementor\/thumbs\/9_117_prodotti_gallery_pop_9_7_prodotti_gallery_pop_gallery-barcellona08-copie-qf0n6wqf4ysn555coebv0i2wx51wmcnvwmxxk6oolk.png\" alt=\"Sac Luxe\" \/><\/figure><\/div><div class=\"swiper-slide\" role=\"group\" aria-roledescription=\"slide\" aria-label=\"5 sur 6\"><figure class=\"swiper-slide-inner\"><img decoding=\"async\" class=\"swiper-slide-image\" src=\"https:\/\/newbags.fr\/Site2023\/wp-content\/uploads\/elementor\/thumbs\/2_280_prodotti_gallery_pop_2_92_prodotti_gallery_pop_gallery-standard04-copie-qfcu6h88nwov1hkyxksuqiyg7f9rq3qkp1jmrakqdk.png\" alt=\"2_280_prodotti_gallery_pop_2_92_prodotti_gallery_pop_gallery-standard04 copie\" \/><\/figure><\/div><div class=\"swiper-slide\" role=\"group\" aria-roledescription=\"slide\" aria-label=\"6 sur 6\"><figure class=\"swiper-slide-inner\"><img decoding=\"async\" class=\"swiper-slide-image\" src=\"https:\/\/newbags.fr\/Site2023\/wp-content\/uploads\/elementor\/thumbs\/8_166_prodotti_gallery_pop_8_51_prodotti_gallery_pop_gallery-fustella10-copie-qf0n764t1b5id8rp5ie4pfpiuzrkrbp79xgscyaqvc.png\" alt=\"Sac Luxe\" \/><\/figure><\/div>\t\t\t<\/div>\n\t\t\t\t\t\t\t\n\t\t\t\t\t\t\t\t\t<\/div>\n\t\t\t\t\t\t<\/div>\n\t\t\t\t<\/div>\n\t\t<div class=\"elementor-element elementor-element-f8ffb52 e-con-full e-flex e-con e-child\" data-id=\"f8ffb52\" data-element_type=\"container\" data-e-type=\"container\" data-settings=\"{&quot;background_background&quot;:&quot;classic&quot;}\">\n\t\t\t\t<div class=\"elementor-element elementor-element-b26ced3 elementor-widget__width-initial elementor-widget elementor-widget-heading\" data-id=\"b26ced3\" data-element_type=\"widget\" data-e-type=\"widget\" data-widget_type=\"heading.default\">\n\t\t\t\t\t<h3 class=\"elementor-heading-title elementor-size-default\">Mat\u00e9riaux <\/b><b>d'exception\n<\/h3>\t\t\t\t<\/div>\n\t\t\t\t<div class=\"elementor-element elementor-element-c1735a5 elementor-widget elementor-widget-text-editor\" data-id=\"c1735a5\" data-element_type=\"widget\" data-e-type=\"widget\" data-widget_type=\"text-editor.default\">\n\t\t\t\t\t\t\t\t\t<p>Nous vous offrons une vari\u00e9t\u00e9 de mat\u00e9riaux de haute qualit\u00e9 pour la fabrication de vos sacs en papier de luxe. Parmi nos options de mat\u00e9riau, vous trouverez :<\/p><ul><li><strong>Kraft Havane Recycl\u00e9 de 170 gr \u00e0 200 gr :<\/strong> Un mat\u00e9riau r\u00e9sistant et \u00e9cologique qui met en valeur l&rsquo;aspect naturel du papier.<\/li><li><strong>Kraft Blanc de 140 gr \u00e0 200 gr :<\/strong> La combinaison parfaite d&rsquo;\u00e9l\u00e9gance et de durabilit\u00e9 pour un style intemporel.<\/li><li><strong>Kraft Blanc Couch\u00e9 de 140 gr \u00e0 210 gr :<\/strong> Un choix luxueux pour ceux qui recherchent un fini impeccable et une sensation de douceur.<\/li><li><strong>Kraft \u00e0 base d&rsquo;Herbe de 170 gr :<\/strong> Une option unique, respectueuse de l&rsquo;environnement, qui associe durabilit\u00e9 et esth\u00e9tique moderne.<\/li><\/ul>\t\t\t\t\t\t\t\t<\/div>\n\t\t\t\t<div class=\"elementor-element elementor-element-7565cbd elementor-widget-divider--view-line elementor-widget elementor-widget-divider\" data-id=\"7565cbd\" data-element_type=\"widget\" data-e-type=\"widget\" data-widget_type=\"divider.default\">\n\t\t\t\t\t\t\t<div class=\"elementor-divider\">\n\t\t\t<span class=\"elementor-divider-separator\">\n\t\t\t\t\t\t<\/span>\n\t\t<\/div>\n\t\t\t\t\t\t<\/div>\n\t\t\t\t<div class=\"elementor-element elementor-element-25a8a75 elementor-widget__width-initial elementor-widget elementor-widget-heading\" data-id=\"25a8a75\" data-element_type=\"widget\" data-e-type=\"widget\" data-widget_type=\"heading.default\">\n\t\t\t\t\t<h3 class=\"elementor-heading-title elementor-size-default\"><b>NOS SACS\n<\/b>de LUXE\n<\/h3>\t\t\t\t<\/div>\n\t\t\t\t<div class=\"elementor-element elementor-element-89e026d elementor-widget elementor-widget-text-editor\" data-id=\"89e026d\" data-element_type=\"widget\" data-e-type=\"widget\" data-widget_type=\"text-editor.default\">\n\t\t\t\t\t\t\t\t\t<p>Chez Newbags, nous sommes fiers de vous pr\u00e9senter notre gamme exclusive de sacs en papier de luxe. Chaque sac est fabriqu\u00e9 avec une attention m\u00e9ticuleuse aux d\u00e9tails, mettant en valeur notre engagement envers la qualit\u00e9, l&rsquo;esth\u00e9tique et la durabilit\u00e9. Nos sacs en papier de luxe sont con\u00e7us pour captiver votre public tout en soulignant l&rsquo;importance de la responsabilit\u00e9 environnementale.<\/p>\t\t\t\t\t\t\t\t<\/div>\n\t\t\t\t<\/div>\n\t\t\t\t<\/div>\n\t\t<div class=\"elementor-element elementor-element-5a28e06 e-flex e-con-boxed e-con e-parent\" data-id=\"5a28e06\" data-element_type=\"container\" data-e-type=\"container\" data-settings=\"{&quot;background_background&quot;:&quot;gradient&quot;}\">\n\t\t\t\t\t<div class=\"e-con-inner\">\n\t\t\t\t<div class=\"elementor-element elementor-element-9b7b201 elementor-widget__width-initial elementor-widget elementor-widget-heading\" data-id=\"9b7b201\" data-element_type=\"widget\" data-e-type=\"widget\" data-widget_type=\"heading.default\">\n\t\t\t\t\t<h3 class=\"elementor-heading-title elementor-size-default\"><b>Techniques d'Impression <\/b>Exceptionnelles\n<\/h3>\t\t\t\t<\/div>\n\t\t\t\t<div class=\"elementor-element elementor-element-70096ce elementor-widget elementor-widget-text-editor\" data-id=\"70096ce\" data-element_type=\"widget\" data-e-type=\"widget\" data-widget_type=\"text-editor.default\">\n\t\t\t\t\t\t\t\t\t<p>Pour que vos sacs en papier de luxe r\u00e9ussissent parfaitement votre image de marque, nous offrons un large \u00e9ventail de techniques d&rsquo;impression de haute qualit\u00e9, notamment :<\/p><ul><li><strong>Impression Offset :<\/strong> Pour une reproduction pr\u00e9cise de vos cr\u00e9ations.<\/li><li><strong>S\u00e9rigraphie :<\/strong> Offrez \u00e0 vos sacs un aspect artistique et distinctif gr\u00e2ce \u00e0 cette technique d&rsquo;impression exceptionnelle.<\/li><\/ul>\t\t\t\t\t\t\t\t<\/div>\n\t\t<div class=\"elementor-element elementor-element-5a344a1 e-flex e-con-boxed e-con e-child\" data-id=\"5a344a1\" data-element_type=\"container\" data-e-type=\"container\">\n\t\t\t\t\t<div class=\"e-con-inner\">\n\t\t\t\t<div class=\"elementor-element elementor-element-e058652 elementor-widget-divider--view-line elementor-widget elementor-widget-divider\" data-id=\"e058652\" data-element_type=\"widget\" data-e-type=\"widget\" data-widget_type=\"divider.default\">\n\t\t\t\t\t\t\t<div class=\"elementor-divider\">\n\t\t\t<span class=\"elementor-divider-separator\">\n\t\t\t\t\t\t<\/span>\n\t\t<\/div>\n\t\t\t\t\t\t<\/div>\n\t\t\t\t<div class=\"elementor-element elementor-element-0bb892a elementor-widget__width-initial elementor-widget elementor-widget-heading\" data-id=\"0bb892a\" data-element_type=\"widget\" data-e-type=\"widget\" data-widget_type=\"heading.default\">\n\t\t\t\t\t<h3 class=\"elementor-heading-title elementor-size-default\">Personnalisation <b>avanc\u00e9e\n<\/b>\n<\/h3>\t\t\t\t<\/div>\n\t\t\t\t<div class=\"elementor-element elementor-element-bcc563d elementor-widget elementor-widget-text-editor\" data-id=\"bcc563d\" data-element_type=\"widget\" data-e-type=\"widget\" data-widget_type=\"text-editor.default\">\n\t\t\t\t\t\t\t\t\t<ul><li><strong>Impression Personnalis\u00e9e :<\/strong> Optez pour une impression qui met en avant vos couleurs, logos et designs uniques. Que ce soit avec l&rsquo;h\u00e9liogravure, la flexographie, l&rsquo;impression num\u00e9rique ou la s\u00e9rigraphie, nous garantissons une reproduction fid\u00e8le de vos motifs.<\/li><li><strong style=\"color: var( --e-global-color-b1c10a2 ); background-color: transparent; word-spacing: normal;\">Gaufrage :<\/strong><span style=\"color: var( --e-global-color-b1c10a2 ); background-color: transparent; word-spacing: normal;\"> Ajoutez une dimension tactile \u00e0 vos sacs en papier r\u00e9utilisables en personnalisant l&rsquo;option de gaufrage. Vos clients sentiront la qualit\u00e9 de votre sac \u00e0 chaque toucher.<\/span><\/li><li><strong>Pelliculage Brillant ou Mat :<\/strong> Personnalisez l&rsquo;apparence de vos sacs en choisissant entre un pelliculage brillant pour un \u00e9clat \u00e9l\u00e9gant ou un pelliculage mat pour une finition sobre et sophistiqu\u00e9e.<\/li><li><strong style=\"color: var( --e-global-color-b1c10a2 ); background-color: transparent; word-spacing: normal;\">Poign\u00e9es et Cordons :<\/strong><span style=\"color: var( --e-global-color-b1c10a2 ); background-color: transparent; word-spacing: normal;\"> Personnalisez les poign\u00e9es de vos sacs en s\u00e9lectionnant des mat\u00e9riaux de qualit\u00e9 et des couleurs assorties \u00e0 votre design. Vous pouvez \u00e9galement opter pour des cordons pour un transport plus pratique.<\/span><\/li><li><strong>D\u00e9tails Sp\u00e9cifiques :<\/strong> Discutez de vos besoins sp\u00e9cifiques avec notre \u00e9quipe d\u00e9di\u00e9e \u00e0 la personnalisation. Que ce soit des coutures contrastantes, des motifs sp\u00e9ciaux ou des accessoires sur mesure, nous sommes l\u00e0 pour r\u00e9aliser votre vision.<span style=\"color: var( --e-global-color-b1c10a2 ); background-color: transparent; word-spacing: normal;\">\u00a0<\/span><\/li><\/ul>\t\t\t\t\t\t\t\t<\/div>\n\t\t\t\t\t<\/div>\n\t\t\t\t<\/div>\n\t\t\t\t\t<\/div>\n\t\t\t\t<\/div>\n\t\t\t\t<\/div>\n\t\t","protected":false},"excerpt":{"rendered":"<p>Mat\u00e9riaux d&rsquo;exception Nous vous offrons une vari\u00e9t\u00e9 de mat\u00e9riaux de haute qualit\u00e9 pour la fabrication de vos sacs en papier de luxe. Parmi nos options de mat\u00e9riau, vous trouverez : Kraft Havane Recycl\u00e9 de 170 gr \u00e0 200 gr : Un mat\u00e9riau r\u00e9sistant et \u00e9cologique qui met en valeur l&rsquo;aspect naturel du papier. Kraft Blanc de 140 gr \u00e0 200 gr : La combinaison parfaite d&rsquo;\u00e9l\u00e9gance et de durabilit\u00e9 pour un style intemporel. Kraft Blanc Couch\u00e9 de 140 gr \u00e0 210 gr : Un choix luxueux pour ceux qui recherchent un fini impeccable et une sensation de douceur. Kraft \u00e0 base d&rsquo;Herbe de 170 gr : Une option unique, respectueuse de l&rsquo;environnement, qui associe durabilit\u00e9 et esth\u00e9tique moderne. NOS SACS de LUXE Chez Newbags, nous sommes fiers de vous pr\u00e9senter notre gamme exclusive de sacs en papier de luxe. Chaque sac est fabriqu\u00e9 avec une attention m\u00e9ticuleuse aux d\u00e9tails, mettant&hellip;<\/p>\n<p> <a class=\"more-link\" href=\"https:\/\/newbags.fr\/Site2023\/page-d-exemple\/nos-sacs-luxe\/\">Lire la suite<\/a><\/p>\n","protected":false},"author":1,"featured_media":1602,"parent":2,"menu_order":0,"comment_status":"closed","ping_status":"closed","template":"","meta":{"footnotes":""},"class_list":["post-1721","page","type-page","status-publish","has-post-thumbnail"],"_links":{"self":[{"href":"https:\/\/newbags.fr\/Site2023\/wp-json\/wp\/v2\/pages\/1721","targetHints":{"allow":["GET"]}}],"collection":[{"href":"https:\/\/newbags.fr\/Site2023\/wp-json\/wp\/v2\/pages"}],"about":[{"href":"https:\/\/newbags.fr\/Site2023\/wp-json\/wp\/v2\/types\/page"}],"author":[{"embeddable":true,"href":"https:\/\/newbags.fr\/Site2023\/wp-json\/wp\/v2\/users\/1"}],"replies":[{"embeddable":true,"href":"https:\/\/newbags.fr\/Site2023\/wp-json\/wp\/v2\/comments?post=1721"}],"version-history":[{"count":39,"href":"https:\/\/newbags.fr\/Site2023\/wp-json\/wp\/v2\/pages\/1721\/revisions"}],"predecessor-version":[{"id":2352,"href":"https:\/\/newbags.fr\/Site2023\/wp-json\/wp\/v2\/pages\/1721\/revisions\/2352"}],"up":[{"embeddable":true,"href":"https:\/\/newbags.fr\/Site2023\/wp-json\/wp\/v2\/pages\/2"}],"wp:featuredmedia":[{"embeddable":true,"href":"https:\/\/newbags.fr\/Site2023\/wp-json\/wp\/v2\/media\/1602"}],"wp:attachment":[{"href":"https:\/\/newbags.fr\/Site2023\/wp-json\/wp\/v2\/media?parent=1721"}],"curies":[{"name":"wp","href":"https:\/\/api.w.org\/{rel}","templated":true}]}}