{"id":1568,"date":"2023-10-16T14:10:03","date_gmt":"2023-10-16T12:10:03","guid":{"rendered":"https:\/\/newbags.fr\/Site2023\/?page_id=1568"},"modified":"2023-11-22T14:17:54","modified_gmt":"2023-11-22T13:17:54","slug":"boites","status":"publish","type":"page","link":"https:\/\/newbags.fr\/Site2023\/boites\/","title":{"rendered":"BOITES"},"content":{"rendered":"\t\t<div data-elementor-type=\"wp-page\" data-elementor-id=\"1568\" class=\"elementor elementor-1568\" data-elementor-post-type=\"page\">\n\t\t\t\t<div class=\"elementor-element elementor-element-23eaff90 e-con-full e-flex e-con e-parent\" data-id=\"23eaff90\" data-element_type=\"container\" data-e-type=\"container\" data-settings=\"{&quot;background_background&quot;:&quot;classic&quot;,&quot;shape_divider_bottom&quot;:&quot;tilt&quot;}\">\n\t\t\t\t<div class=\"elementor-shape elementor-shape-bottom\" aria-hidden=\"true\" data-negative=\"false\">\n\t\t\t<svg xmlns=\"http:\/\/www.w3.org\/2000\/svg\" viewBox=\"0 0 1000 100\" preserveAspectRatio=\"none\">\n\t<path class=\"elementor-shape-fill\" d=\"M0,6V0h1000v100L0,6z\"\/>\n<\/svg>\t\t<\/div>\n\t\t<div class=\"elementor-element elementor-element-4823e22f e-flex e-con-boxed e-con e-child\" data-id=\"4823e22f\" data-element_type=\"container\" data-e-type=\"container\">\n\t\t\t\t\t<div class=\"e-con-inner\">\n\t\t\t\t<div class=\"elementor-element elementor-element-e896156 elementor-widget-tablet__width-inherit elementor-widget elementor-widget-image-carousel\" data-id=\"e896156\" data-element_type=\"widget\" data-e-type=\"widget\" data-settings=\"{&quot;navigation&quot;:&quot;none&quot;,&quot;pause_on_hover&quot;:&quot;no&quot;,&quot;autoplay_speed&quot;:2000,&quot;slides_to_show&quot;:&quot;1&quot;,&quot;slides_to_show_tablet&quot;:&quot;1&quot;,&quot;slides_to_show_mobile&quot;:&quot;1&quot;,&quot;pause_on_interaction&quot;:&quot;no&quot;,&quot;effect&quot;:&quot;fade&quot;,&quot;autoplay&quot;:&quot;yes&quot;,&quot;infinite&quot;:&quot;yes&quot;,&quot;speed&quot;:500}\" data-widget_type=\"image-carousel.default\">\n\t\t\t\t\t\t\t<div class=\"elementor-image-carousel-wrapper swiper\" role=\"region\" aria-roledescription=\"carousel\" aria-label=\"Carrousel d\u2019images\" dir=\"ltr\">\n\t\t\t<div class=\"elementor-image-carousel swiper-wrapper swiper-image-stretch\" aria-live=\"off\">\n\t\t\t\t\t\t\t\t<div class=\"swiper-slide\" role=\"group\" aria-roledescription=\"slide\" aria-label=\"1 sur 5\"><figure class=\"swiper-slide-inner\"><img decoding=\"async\" class=\"swiper-slide-image\" src=\"https:\/\/newbags.fr\/Site2023\/wp-content\/uploads\/elementor\/thumbs\/Boite-5-copie-qfe1awia4fuc0olkv4dvb9zvu1khhvr74tw5o6s3uw.png\" alt=\"Boite 5 copie\" \/><\/figure><\/div><div class=\"swiper-slide\" role=\"group\" aria-roledescription=\"slide\" aria-label=\"2 sur 5\"><figure class=\"swiper-slide-inner\"><img decoding=\"async\" class=\"swiper-slide-image\" src=\"https:\/\/newbags.fr\/Site2023\/wp-content\/uploads\/elementor\/thumbs\/Boite3-copie-qfe1avkfxlt1p2my0lz8qs8f8np4a6ngsp8o6wti14.png\" alt=\"Boite3 copie\" \/><\/figure><\/div><div class=\"swiper-slide\" role=\"group\" aria-roledescription=\"slide\" aria-label=\"3 sur 5\"><figure class=\"swiper-slide-inner\"><img decoding=\"async\" class=\"swiper-slide-image\" src=\"https:\/\/newbags.fr\/Site2023\/wp-content\/uploads\/elementor\/thumbs\/Boite-1-copie-qfe1aumlqrrrdgob63km6agyn9tr2hjqgkl6pmuw7c.png\" alt=\"Boite 1 copie\" \/><\/figure><\/div><div class=\"swiper-slide\" role=\"group\" aria-roledescription=\"slide\" aria-label=\"4 sur 5\"><figure class=\"swiper-slide-inner\"><img decoding=\"async\" class=\"swiper-slide-image\" src=\"https:\/\/newbags.fr\/Site2023\/wp-content\/uploads\/elementor\/thumbs\/Boite-2-copie-qfe1asqxd3p6q8r1h2rd1ay1gi30n3c9sba7r2xojs.png\" alt=\"Boite 2 copie\" \/><\/figure><\/div><div class=\"swiper-slide\" role=\"group\" aria-roledescription=\"slide\" aria-label=\"5 sur 5\"><figure class=\"swiper-slide-inner\"><img decoding=\"async\" class=\"swiper-slide-image\" src=\"https:\/\/newbags.fr\/Site2023\/wp-content\/uploads\/elementor\/thumbs\/Paper-Box-Mockups-qe5c7xmpak6tbkr4odcmfg2noe83qmpd8ydbt9oako.png\" alt=\"Paper Box Mockups\" \/><\/figure><\/div>\t\t\t<\/div>\n\t\t\t\t\t\t\t\n\t\t\t\t\t\t\t\t\t<\/div>\n\t\t\t\t\t\t<\/div>\n\t\t\t\t\t<\/div>\n\t\t\t\t<\/div>\n\t\t<div class=\"elementor-element elementor-element-47f5a7a1 e-con-full e-flex e-con e-child\" data-id=\"47f5a7a1\" data-element_type=\"container\" data-e-type=\"container\" data-settings=\"{&quot;background_background&quot;:&quot;classic&quot;}\">\n\t\t<div class=\"elementor-element elementor-element-2db3e505 e-con-full e-flex e-con e-child\" data-id=\"2db3e505\" data-element_type=\"container\" data-e-type=\"container\">\n\t\t\t\t<div class=\"elementor-element elementor-element-6c940ea9 elementor-widget__width-initial elementor-widget elementor-widget-heading\" data-id=\"6c940ea9\" data-element_type=\"widget\" data-e-type=\"widget\" data-widget_type=\"heading.default\">\n\t\t\t\t\t<h3 class=\"elementor-heading-title elementor-size-default\"><b>NOS Boites\n<\/b>de Luxe  et CLASSIQUES\n<\/h3>\t\t\t\t<\/div>\n\t\t\t\t<div class=\"elementor-element elementor-element-789db78e elementor-widget elementor-widget-text-editor\" data-id=\"789db78e\" data-element_type=\"widget\" data-e-type=\"widget\" data-widget_type=\"text-editor.default\">\n\t\t\t\t\t\t\t\t\t<p>Nos bo\u00eetes sont con\u00e7ues pour r\u00e9pondre \u00e0 vos besoins d&#8217;emballage les plus exigeants. Elles sont disponibles en deux types de papier de haute qualit\u00e9, offrant une gamme de poids allant de 250 grammes \u00e0 une option robuste de 1200 grammes, pour garantir la s\u00e9curit\u00e9 et l&rsquo;\u00e9l\u00e9gance de votre produit.<\/p>\t\t\t\t\t\t\t\t<\/div>\n\t\t\t\t<\/div>\n\t\t\t\t<div class=\"elementor-element elementor-element-7664c89f elementor-widget-divider--view-line elementor-widget elementor-widget-divider\" data-id=\"7664c89f\" data-element_type=\"widget\" data-e-type=\"widget\" data-widget_type=\"divider.default\">\n\t\t\t\t\t\t\t<div class=\"elementor-divider\">\n\t\t\t<span class=\"elementor-divider-separator\">\n\t\t\t\t\t\t<\/span>\n\t\t<\/div>\n\t\t\t\t\t\t<\/div>\n\t\t<div class=\"elementor-element elementor-element-1e4552c4 e-con-full e-flex e-con e-child\" data-id=\"1e4552c4\" data-element_type=\"container\" data-e-type=\"container\">\n\t\t\t\t<div class=\"elementor-element elementor-element-1e833c38 elementor-widget__width-initial elementor-widget elementor-widget-heading\" data-id=\"1e833c38\" data-element_type=\"widget\" data-e-type=\"widget\" data-widget_type=\"heading.default\">\n\t\t\t\t\t<h3 class=\"elementor-heading-title elementor-size-default\"><b>Le choix du <\/b>papier\n<\/h3>\t\t\t\t<\/div>\n\t\t\t\t<div class=\"elementor-element elementor-element-8a06645 elementor-widget elementor-widget-text-editor\" data-id=\"8a06645\" data-element_type=\"widget\" data-e-type=\"widget\" data-widget_type=\"text-editor.default\">\n\t\t\t\t\t\t\t\t\t<p>Le choix du papier est une \u00e9tape cruciale dans la personnalisation de vos bo\u00eetes. Vous avez la possibilit\u00e9 de s\u00e9lectionner le raffin\u00e9 Kraft Havane recycl\u00e9, apportant une touche d&rsquo;authenticit\u00e9 et de durabilit\u00e9, ou opter pour le chic et polyvalent Kraft Blanc et couch\u00e9, id\u00e9al pour une esth\u00e9tique \u00e9pur\u00e9e.<\/p><ul><li><strong>Kraft Havane recycl\u00e9<\/strong> de 250 gr \u00e0 1200 gr : Un choix respectueux de l&rsquo;environnement qui allie la robustesse du kraft avec une touche de sophistication.<\/li><li><strong>Kraft Blanc ct couch\u00e9 <\/strong>de 250 gr \u00e0 1200 gr : Une option polyvalente qui offre un espace id\u00e9al pour la personnalisation.<\/li><\/ul>\t\t\t\t\t\t\t\t<\/div>\n\t\t\t\t<\/div>\n\t\t\t\t<\/div>\n\t\t\t\t<\/div>\n\t\t<div class=\"elementor-element elementor-element-319ac48 e-flex e-con-boxed e-con e-parent\" data-id=\"319ac48\" data-element_type=\"container\" data-e-type=\"container\" data-settings=\"{&quot;background_background&quot;:&quot;gradient&quot;}\">\n\t\t\t\t\t<div class=\"e-con-inner\">\n\t\t<div class=\"elementor-element elementor-element-59b3d6a e-flex e-con-boxed e-con e-child\" data-id=\"59b3d6a\" data-element_type=\"container\" data-e-type=\"container\">\n\t\t\t\t\t<div class=\"e-con-inner\">\n\t\t\t\t<div class=\"elementor-element elementor-element-af5e94e elementor-widget__width-initial elementor-widget elementor-widget-heading\" data-id=\"af5e94e\" data-element_type=\"widget\" data-e-type=\"widget\" data-widget_type=\"heading.default\">\n\t\t\t\t\t<h3 class=\"elementor-heading-title elementor-size-default\">Options \nde <b>FINITION\n<\/b>\n<\/h3>\t\t\t\t<\/div>\n\t\t\t\t<div class=\"elementor-element elementor-element-e34c222 elementor-widget elementor-widget-text-editor\" data-id=\"e34c222\" data-element_type=\"widget\" data-e-type=\"widget\" data-widget_type=\"text-editor.default\">\n\t\t\t\t\t\t\t\t\t<p>Nous mettons un point d&rsquo;honneur \u00e0 apporter une attention minutieuse aux d\u00e9tails et \u00e0 r\u00e9pondre \u00e0 vos besoins en mati\u00e8re d&#8217;emballage de luxe. Contactez-nous d\u00e8s aujourd&rsquo;hui pour discuter de votre projet et commencer \u00e0 cr\u00e9er des bo\u00eetes qui feront briller votre marque.<\/p><ul><li><strong>Vernis UV<\/strong> <strong>:<\/strong> Ajoute une couche de brillance pour mettre en valeur les d\u00e9tails.<\/li><li><strong>Vernis Glitter :<\/strong> Apporte une touche d&rsquo;\u00e9clat scintillant.<\/li><li><strong>Impression \u00e0 Chaud :<\/strong> Cr\u00e9e un effet de relief \u00e9l\u00e9gant.<\/li><li><strong>Gaufrage :<\/strong> Ajout des motifs en relief pour une dimension tactile.<\/li><li><strong>Pellicule<\/strong> Brillant, Mat, Anti-rayures, Soft Touch, Toil\u00e9 : Prot\u00e9gez et personnalisez votre design.<\/li><\/ul>\t\t\t\t\t\t\t\t<\/div>\n\t\t\t\t<div class=\"elementor-element elementor-element-cb00a1d elementor-widget-divider--view-line elementor-widget elementor-widget-divider\" data-id=\"cb00a1d\" data-element_type=\"widget\" data-e-type=\"widget\" data-widget_type=\"divider.default\">\n\t\t\t\t\t\t\t<div class=\"elementor-divider\">\n\t\t\t<span class=\"elementor-divider-separator\">\n\t\t\t\t\t\t<\/span>\n\t\t<\/div>\n\t\t\t\t\t\t<\/div>\n\t\t\t\t\t<\/div>\n\t\t\t\t<\/div>\n\t\t<div class=\"elementor-element elementor-element-67e3d7f e-flex e-con-boxed e-con e-child\" data-id=\"67e3d7f\" data-element_type=\"container\" data-e-type=\"container\">\n\t\t\t\t\t<div class=\"e-con-inner\">\n\t\t\t\t<div class=\"elementor-element elementor-element-85e151b elementor-widget__width-initial elementor-widget elementor-widget-heading\" data-id=\"85e151b\" data-element_type=\"widget\" data-e-type=\"widget\" data-widget_type=\"heading.default\">\n\t\t\t\t\t<h3 class=\"elementor-heading-title elementor-size-default\"><b>Options \n<\/b>d'Impression\n<\/h3>\t\t\t\t<\/div>\n\t\t\t\t<div class=\"elementor-element elementor-element-5fda7b7 elementor-widget elementor-widget-text-editor\" data-id=\"5fda7b7\" data-element_type=\"widget\" data-e-type=\"widget\" data-widget_type=\"text-editor.default\">\n\t\t\t\t\t\t\t\t\t<ul><li><strong>Offset :<\/strong> Pour une qualit\u00e9 d&rsquo;image exceptionnelle.<\/li><li><strong>S\u00e9rigraphie :<\/strong> R\u00e9sultats durables et vibrants.<\/li><\/ul>\t\t\t\t\t\t\t\t<\/div>\n\t\t\t\t\t<\/div>\n\t\t\t\t<\/div>\n\t\t\t\t\t<\/div>\n\t\t\t\t<\/div>\n\t\t\t\t<\/div>\n\t\t","protected":false},"excerpt":{"rendered":"<p>NOS Boites de Luxe et CLASSIQUES Nos bo\u00eetes sont con\u00e7ues pour r\u00e9pondre \u00e0 vos besoins d&#8217;emballage les plus exigeants. Elles sont disponibles en deux types de papier de haute qualit\u00e9, offrant une gamme de poids allant de 250 grammes \u00e0 une option robuste de 1200 grammes, pour garantir la s\u00e9curit\u00e9 et l&rsquo;\u00e9l\u00e9gance de votre produit. Le choix du papier Le choix du papier est une \u00e9tape cruciale dans la personnalisation de vos bo\u00eetes. Vous avez la possibilit\u00e9 de s\u00e9lectionner le raffin\u00e9 Kraft Havane recycl\u00e9, apportant une touche d&rsquo;authenticit\u00e9 et de durabilit\u00e9, ou opter pour le chic et polyvalent Kraft Blanc et couch\u00e9, id\u00e9al pour une esth\u00e9tique \u00e9pur\u00e9e. Kraft Havane recycl\u00e9 de 250 gr \u00e0 1200 gr : Un choix respectueux de l&rsquo;environnement qui allie la robustesse du kraft avec une touche de sophistication. Kraft Blanc ct couch\u00e9 de 250 gr \u00e0 1200 gr : Une option polyvalente qui offre un&hellip;<\/p>\n<p> <a class=\"more-link\" href=\"https:\/\/newbags.fr\/Site2023\/boites\/\">Lire la suite<\/a><\/p>\n","protected":false},"author":1,"featured_media":0,"parent":0,"menu_order":0,"comment_status":"closed","ping_status":"closed","template":"","meta":{"footnotes":""},"class_list":["post-1568","page","type-page","status-publish"],"_links":{"self":[{"href":"https:\/\/newbags.fr\/Site2023\/wp-json\/wp\/v2\/pages\/1568","targetHints":{"allow":["GET"]}}],"collection":[{"href":"https:\/\/newbags.fr\/Site2023\/wp-json\/wp\/v2\/pages"}],"about":[{"href":"https:\/\/newbags.fr\/Site2023\/wp-json\/wp\/v2\/types\/page"}],"author":[{"embeddable":true,"href":"https:\/\/newbags.fr\/Site2023\/wp-json\/wp\/v2\/users\/1"}],"replies":[{"embeddable":true,"href":"https:\/\/newbags.fr\/Site2023\/wp-json\/wp\/v2\/comments?post=1568"}],"version-history":[{"count":64,"href":"https:\/\/newbags.fr\/Site2023\/wp-json\/wp\/v2\/pages\/1568\/revisions"}],"predecessor-version":[{"id":2388,"href":"https:\/\/newbags.fr\/Site2023\/wp-json\/wp\/v2\/pages\/1568\/revisions\/2388"}],"wp:attachment":[{"href":"https:\/\/newbags.fr\/Site2023\/wp-json\/wp\/v2\/media?parent=1568"}],"curies":[{"name":"wp","href":"https:\/\/api.w.org\/{rel}","templated":true}]}}