{"id":1527,"date":"2023-10-16T11:37:33","date_gmt":"2023-10-16T09:37:33","guid":{"rendered":"https:\/\/newbags.fr\/Site2023\/?page_id=1527"},"modified":"2024-12-03T18:56:52","modified_gmt":"2024-12-03T17:56:52","slug":"sacs-classiques","status":"publish","type":"page","link":"https:\/\/newbags.fr\/Site2023\/page-d-exemple\/sacs-classiques\/","title":{"rendered":"EN PAPIER CLASSIQUE"},"content":{"rendered":"<style>\/*! elementor - v3.17.0 - 08-11-2023 *\/\n.elementor-widget-image-carousel .swiper,.elementor-widget-image-carousel .swiper-container{position:static}.elementor-widget-image-carousel .swiper-container .swiper-slide figure,.elementor-widget-image-carousel .swiper .swiper-slide figure{line-height:inherit}.elementor-widget-image-carousel .swiper-slide{text-align:center}.elementor-image-carousel-wrapper:not(.swiper-container-initialized):not(.swiper-initialized) .swiper-slide{max-width:calc(100% \/ var(--e-image-carousel-slides-to-show, 3))}<\/style>\n<figure><img decoding=\"async\" src=\"https:\/\/newbags.fr\/Site2023\/wp-content\/uploads\/elementor\/thumbs\/12_309_prodotti_gallery_pop_DSC_1874-qbmhwplk5l0qdtx9bwgxc0doqefs68wr1i3w5sxkzs.png\" alt=\"12_309_prodotti_gallery_pop_DSC_1874\" \/><\/figure>\n<figure><img decoding=\"async\" src=\"https:\/\/newbags.fr\/Site2023\/wp-content\/uploads\/elementor\/thumbs\/Immagini-Gallery-Dolcevita-Taffarello-45-qbmhwsf2q34lcnt5vfot1ho2ik1vtc7y1w2clmteh4.png\" alt=\"Immagini Gallery Dolcevita Taffarello-45\" \/><\/figure>\n<figure><img decoding=\"async\" src=\"https:\/\/newbags.fr\/Site2023\/wp-content\/uploads\/elementor\/thumbs\/Prevers-qczk3j4rvv3w36bvbfbxclv2p8t5kzarv8t9uw1uh4.png\" alt=\"Prevers\" \/><\/figure>\n<figure><img decoding=\"async\" src=\"https:\/\/newbags.fr\/Site2023\/wp-content\/uploads\/elementor\/thumbs\/11_199_prodotti_gallery_pop_DSC_1727-2-copie-qf0plp5y69lr4z2xvwvr8ln3hx9zc97nu7fwry022w.png\" alt=\"11_199_prodotti_gallery_pop_DSC_1727-2 copie\" \/><\/figure>\n<figure><img decoding=\"async\" src=\"https:\/\/newbags.fr\/Site2023\/wp-content\/uploads\/elementor\/thumbs\/11_220_prodotti_gallery_pop_DSC_1968-copie-qf0plr1mjxobs707kxp0dl60op0prnf4igqvqhx9qg.png\" alt=\"11_220_prodotti_gallery_pop_DSC_1968 copie\" \/><\/figure>\n<figure><img decoding=\"async\" src=\"https:\/\/newbags.fr\/Site2023\/wp-content\/uploads\/elementor\/thumbs\/12_283_prodotti_gallery_pop_12_105_prodotti_gallery_pop_gallery-volley01-copie-qf0plsxaxlqwfexh9yi9ikoxvgrg71ml6q1up1uhe0.png\" alt=\"12_283_prodotti_gallery_pop_12_105_prodotti_gallery_pop_gallery-volley01 copie\" \/><\/figure>\n<figure><img decoding=\"async\" src=\"https:\/\/newbags.fr\/Site2023\/wp-content\/uploads\/elementor\/thumbs\/12_284_prodotti_gallery_pop_DSC_1698-2-1-qdy4ao6hyesvucp6in4vnpvy2azbb50reszt77s4g8.png\" alt=\"12_284_prodotti_gallery_pop_DSC_1698-2-1\" \/><\/figure>\n<figure><img decoding=\"async\" src=\"https:\/\/newbags.fr\/Site2023\/wp-content\/uploads\/elementor\/thumbs\/12_293_prodotti_gallery_pop_DSC_1735-qdy4awn1nx4gqucw58sis5r3ertm8eycfyv6ipfkw8.png\" alt=\"12_293_prodotti_gallery_pop_DSC_1735\" \/><\/figure>\n<figure><img decoding=\"async\" src=\"https:\/\/newbags.fr\/Site2023\/wp-content\/uploads\/elementor\/thumbs\/12_292_prodotti_gallery_pop_DSC_1748-qbmamkdy4y5wgupc2l6ly5tsluilh47oc08xvpm8aw.png\" alt=\"12_292_prodotti_gallery_pop_DSC_1748\" \/><\/figure>\n<style>\/*! elementor - v3.17.0 - 08-11-2023 *\/\n.elementor-heading-title{padding:0;margin:0;line-height:1}.elementor-widget-heading .elementor-heading-title[class*=elementor-size-]>a{color:inherit;font-size:inherit;line-height:inherit}.elementor-widget-heading .elementor-heading-title.elementor-size-small{font-size:15px}.elementor-widget-heading .elementor-heading-title.elementor-size-medium{font-size:19px}.elementor-widget-heading .elementor-heading-title.elementor-size-large{font-size:29px}.elementor-widget-heading .elementor-heading-title.elementor-size-xl{font-size:39px}.elementor-widget-heading .elementor-heading-title.elementor-size-xxl{font-size:59px}<\/style>\n<h3><b>NOS SACS<br \/>\n<\/b>CLASSIQUES<br \/>\n<\/h3>\n<p>Bienvenue dans l&rsquo;univers de la fabrication de sacs en papier de qualit\u00e9 exceptionnelle. Chez NEWBAGS, nous nous consacrons \u00e0 la cr\u00e9ation de sacs en papier automatique qui incarnent l&rsquo;alliance parfaite entre l&rsquo;\u00e9l\u00e9gance, la durabilit\u00e9 et la polyvalence. D\u00e9couvrez notre gamme de sacs en papier, con\u00e7us pour r\u00e9pondre \u00e0 tous vos besoins.<\/p>\n<style>\/*! elementor - v3.17.0 - 08-11-2023 *\/\n.elementor-widget-divider{--divider-border-style:none;--divider-border-width:1px;--divider-color:#0c0d0e;--divider-icon-size:20px;--divider-element-spacing:10px;--divider-pattern-height:24px;--divider-pattern-size:20px;--divider-pattern-url:none;--divider-pattern-repeat:repeat-x}.elementor-widget-divider .elementor-divider{display:flex}.elementor-widget-divider .elementor-divider__text{font-size:15px;line-height:1;max-width:95%}.elementor-widget-divider .elementor-divider__element{margin:0 var(--divider-element-spacing);flex-shrink:0}.elementor-widget-divider .elementor-icon{font-size:var(--divider-icon-size)}.elementor-widget-divider .elementor-divider-separator{display:flex;margin:0;direction:ltr}.elementor-widget-divider--view-line_icon .elementor-divider-separator,.elementor-widget-divider--view-line_text .elementor-divider-separator{align-items:center}.elementor-widget-divider--view-line_icon .elementor-divider-separator:after,.elementor-widget-divider--view-line_icon .elementor-divider-separator:before,.elementor-widget-divider--view-line_text .elementor-divider-separator:after,.elementor-widget-divider--view-line_text .elementor-divider-separator:before{display:block;content:\"\";border-bottom:0;flex-grow:1;border-top:var(--divider-border-width) var(--divider-border-style) var(--divider-color)}.elementor-widget-divider--element-align-left .elementor-divider .elementor-divider-separator>.elementor-divider__svg:first-of-type{flex-grow:0;flex-shrink:100}.elementor-widget-divider--element-align-left .elementor-divider-separator:before{content:none}.elementor-widget-divider--element-align-left .elementor-divider__element{margin-left:0}.elementor-widget-divider--element-align-right .elementor-divider .elementor-divider-separator>.elementor-divider__svg:last-of-type{flex-grow:0;flex-shrink:100}.elementor-widget-divider--element-align-right .elementor-divider-separator:after{content:none}.elementor-widget-divider--element-align-right .elementor-divider__element{margin-right:0}.elementor-widget-divider:not(.elementor-widget-divider--view-line_text):not(.elementor-widget-divider--view-line_icon) .elementor-divider-separator{border-top:var(--divider-border-width) var(--divider-border-style) var(--divider-color)}.elementor-widget-divider--separator-type-pattern{--divider-border-style:none}.elementor-widget-divider--separator-type-pattern.elementor-widget-divider--view-line .elementor-divider-separator,.elementor-widget-divider--separator-type-pattern:not(.elementor-widget-divider--view-line) .elementor-divider-separator:after,.elementor-widget-divider--separator-type-pattern:not(.elementor-widget-divider--view-line) .elementor-divider-separator:before,.elementor-widget-divider--separator-type-pattern:not([class*=elementor-widget-divider--view]) .elementor-divider-separator{width:100%;min-height:var(--divider-pattern-height);-webkit-mask-size:var(--divider-pattern-size) 100%;mask-size:var(--divider-pattern-size) 100%;-webkit-mask-repeat:var(--divider-pattern-repeat);mask-repeat:var(--divider-pattern-repeat);background-color:var(--divider-color);-webkit-mask-image:var(--divider-pattern-url);mask-image:var(--divider-pattern-url)}.elementor-widget-divider--no-spacing{--divider-pattern-size:auto}.elementor-widget-divider--bg-round{--divider-pattern-repeat:round}.rtl .elementor-widget-divider .elementor-divider__text{direction:rtl}.e-con-inner>.elementor-widget-divider,.e-con>.elementor-widget-divider{width:var(--container-widget-width,100%);--flex-grow:var(--container-widget-flex-grow)}<\/style>\n<h3><b>Le choix du <\/b>papier<br \/>\n<\/h3>\n<p>Nous accordons une grande importance \u00e0 l\u2019utilisation de mat\u00e9riaux respectueux de l\u2019environnement. C&rsquo;est pourquoi nos sacs en papier sont fabriqu\u00e9s \u00e0 partir de diff\u00e9rents types de papier de haute qualit\u00e9, notamment :<\/p>\n<ul>\n<li><strong>Kraft Havane recycl\u00e9<\/strong> de 90 gr \u00e0 120 gr : Un choix respectueux de l&rsquo;environnement qui allie la robustesse du kraft avec une touche de sophistication.<\/li>\n<li><strong>Kraft Blanc<\/strong> de 80 gr \u00e0 160 gr : Une option polyvalente qui offre un espace id\u00e9al pour la personnalisation.<\/li>\n<li><strong>Kraft Blanc Couch\u00e9<\/strong> de 120 gr \u00e0 140 gr : Un papier blanc brillant pour un aspect \u00e9l\u00e9gant et une surface id\u00e9ale pour une impression de haute qualit\u00e9.<\/li>\n<li><strong>Repaper<\/strong> de 100 gr \u00e0 120 gr : Un papier recycl\u00e9 haut de gamme pour ceux qui recherchent \u00e0 la fois l&rsquo;esth\u00e9tique et l&rsquo;\u00e9co-responsabilit\u00e9.<\/li>\n<\/ul>\n<style>\/*! elementor - v3.17.0 - 08-11-2023 *\/\n.elementor-widget-image{text-align:center}.elementor-widget-image a{display:inline-block}.elementor-widget-image a img[src$=\".svg\"]{width:48px}.elementor-widget-image img{vertical-align:middle;display:inline-block}<\/style>\n<p>\t\t\t\t\t\t\t\t\t\t\t\t<img loading=\"lazy\" decoding=\"async\" width=\"348\" height=\"245\" src=\"https:\/\/newbags.fr\/Site2023\/wp-content\/uploads\/2023\/11\/CErtification2.png\" alt=\"\" loading=\"lazy\" srcset=\"https:\/\/newbags.fr\/Site2023\/wp-content\/uploads\/2023\/11\/CErtification2.png 348w, https:\/\/newbags.fr\/Site2023\/wp-content\/uploads\/2023\/11\/CErtification2-300x211.png 300w\" sizes=\"auto, (max-width: 348px) 100vw, 348px\" \/>\t\t\t\t\t\t\t\t\t\t\t\t\t\t\t<\/p>\n<h3><b>Personnalisation <\/b>Illimit\u00e9e<br \/>\n<\/h3>\n<p>Nos sacs en papier offrent des possibilit\u00e9s de personnalisation infinies. Gr\u00e2ce \u00e0 nos techniques d&rsquo;impression de pointe, dont la flexographie jusqu&rsquo;\u00e0 10 couleurs, l&rsquo;offset et la s\u00e9rigraphie, votre logo, vos designs et vos messages prendront vie sur chaque sac. De plus, nous proposons des options d&rsquo;impression telles que :<\/p>\n<ul>\n<li><strong>Vernis UV<\/strong> : Pour un effet de brillance saisissant.<\/li>\n<li><strong>Vernis Soft Touch<\/strong> : Une douce sensation et velout\u00e9e au toucher.<\/li>\n<li><strong>Vernis Glitter et Perl\u00e9<\/strong> : Pour une touche d&rsquo;\u00e9clat et de glamour.<\/li>\n<\/ul>\n<h3>Options de <b>FINITION<br \/>\n<\/b><br \/>\n<\/h3>\n<ul>\n<li><strong>Pelliculage Brillant et mat certifi\u00e9<\/strong> 100% recyclable \u00a0( Paper LAM )<\/li>\n<li><strong>Gaufrage <\/strong>: Il donnera un aspect \u00e9l\u00e9gant \u00e0 vos sacs, tout en faisant ressortir votre logo.<\/li>\n<li><strong>Corde coton rev\u00eatue<\/strong> : A la fois solide et agr\u00e9able au port\u00e9.<\/li>\n<\/ul>\n","protected":false},"excerpt":{"rendered":"<p>NOS SACS CLASSIQUES Bienvenue dans l&rsquo;univers de la fabrication de sacs en papier de qualit\u00e9 exceptionnelle. Chez NEWBAGS, nous nous consacrons \u00e0 la cr\u00e9ation de sacs en papier automatique qui incarnent l&rsquo;alliance parfaite entre l&rsquo;\u00e9l\u00e9gance, la durabilit\u00e9 et la polyvalence. D\u00e9couvrez notre gamme de sacs en papier, con\u00e7us pour r\u00e9pondre \u00e0 tous vos besoins. Le choix du papier Nous accordons une grande importance \u00e0 l\u2019utilisation de mat\u00e9riaux respectueux de l\u2019environnement. C&rsquo;est pourquoi nos sacs en papier sont fabriqu\u00e9s \u00e0 partir de diff\u00e9rents types de papier de haute qualit\u00e9, notamment : Kraft Havane recycl\u00e9 de 90 gr \u00e0 120 gr : Un choix respectueux de l&rsquo;environnement qui allie la robustesse du kraft avec une touche de sophistication. Kraft Blanc de 80 gr \u00e0 160 gr : Une option polyvalente qui offre un espace id\u00e9al pour la personnalisation. Kraft Blanc Couch\u00e9 de 120 gr \u00e0 140 gr : Un papier blanc brillant&hellip;<\/p>\n<p> <a class=\"more-link\" href=\"https:\/\/newbags.fr\/Site2023\/page-d-exemple\/sacs-classiques\/\">Lire la suite<\/a><\/p>\n","protected":false},"author":1,"featured_media":1602,"parent":2,"menu_order":0,"comment_status":"closed","ping_status":"closed","template":"","meta":{"footnotes":""},"class_list":["post-1527","page","type-page","status-publish","has-post-thumbnail"],"_links":{"self":[{"href":"https:\/\/newbags.fr\/Site2023\/wp-json\/wp\/v2\/pages\/1527","targetHints":{"allow":["GET"]}}],"collection":[{"href":"https:\/\/newbags.fr\/Site2023\/wp-json\/wp\/v2\/pages"}],"about":[{"href":"https:\/\/newbags.fr\/Site2023\/wp-json\/wp\/v2\/types\/page"}],"author":[{"embeddable":true,"href":"https:\/\/newbags.fr\/Site2023\/wp-json\/wp\/v2\/users\/1"}],"replies":[{"embeddable":true,"href":"https:\/\/newbags.fr\/Site2023\/wp-json\/wp\/v2\/comments?post=1527"}],"version-history":[{"count":69,"href":"https:\/\/newbags.fr\/Site2023\/wp-json\/wp\/v2\/pages\/1527\/revisions"}],"predecessor-version":[{"id":2229,"href":"https:\/\/newbags.fr\/Site2023\/wp-json\/wp\/v2\/pages\/1527\/revisions\/2229"}],"up":[{"embeddable":true,"href":"https:\/\/newbags.fr\/Site2023\/wp-json\/wp\/v2\/pages\/2"}],"wp:featuredmedia":[{"embeddable":true,"href":"https:\/\/newbags.fr\/Site2023\/wp-json\/wp\/v2\/media\/1602"}],"wp:attachment":[{"href":"https:\/\/newbags.fr\/Site2023\/wp-json\/wp\/v2\/media?parent=1527"}],"curies":[{"name":"wp","href":"https:\/\/api.w.org\/{rel}","templated":true}]}}